{"id":31503,"date":"2012-06-19T13:23:47","date_gmt":"2012-06-19T11:23:47","guid":{"rendered":"http:\/\/serviciosdeportes.animsa.net\/intereseko-datuak\/"},"modified":"2012-06-19T13:23:47","modified_gmt":"2012-06-19T11:23:47","slug":"intereseko-datuak","status":"publish","type":"page","link":"https:\/\/www.sanguesa.es\/eu\/lekua-eta-jendea\/intereseko-datuak\/","title":{"rendered":"Intereseko Datuak"},"content":{"rendered":"<ul>\n<li><strong>KATEGORIA HISTORIKOA:<\/strong> Hiria<\/li>\n<li><strong>BARRUTI JUDIZIALA:<\/strong> Agoitz.<\/li>\n<li><strong>MERINDADEA:<\/strong> Zangoza.<\/li>\n<li><strong>ESKUALDE GEOGRAFIKOA:<\/strong> Zangoza.<\/li>\n<li><strong>BIZTANLERIA<\/strong> (2011ko urtarrilaren 1ean): 5254 bizt.<\/li>\n<li><strong>AZALERA:<\/strong> 69,8 km2<\/li>\n<li><strong>BIZTANLERIA DENTSITATEA:<\/strong> 75,19 biz.\/ km2<\/li>\n<li><strong>ALTITUDEA:<\/strong> 404 m<\/li>\n<li><strong>KOMUNIKAZIOAK:<\/strong><\/li>\n<li>Oso komunikazio ona du Iru\u00f1earekin A-21 autobideari esker (gaur egun Irunberriraino heltzen da, eta N-240 errepidearen bidez iristen da haraino Zangozatik).<\/li>\n<li>NA-127 errepidea Sos del Rey Cat\u00f3lico eta Ejea de los Caballeros herrietara doa.<\/li>\n<li>NA-132 errepidea Tafallara doa, eta bertan N-121 errepidearekin eta Nafarroako autopistarekin (AP-15) lotzen du, Madril eta Zaragozarako bidean.<\/li>\n<li><strong>GEOGRAFIA:<\/strong> Zangoza Nafarroako Erdialdearen ekialdean dago. Iparraldean muga egiten du Irunberri, Ledea eta Xabierrekin; ekialdean Undu\u00e9s de Lerda eta Sos del Rey Cat\u00f3licorekin; hegoaldean Pe\u00f1arekin; eta mendebaldean Kaseda eta Oibar herriekin.<\/li>\n<li><strong>JENTILIZIOA:<\/strong> Sang\u00fcesino \/ sang\u00fcesina edo zangozarra<\/li>\n<\/ul>\n<p>&nbsp;<\/p>\n","protected":false},"excerpt":{"rendered":"<p>KATEGORIA HISTORIKOA: Hiria BARRUTI JUDIZIALA: Agoitz. MERINDADEA: Zangoza. ESKUALDE GEOGRAFIKOA: Zangoza. BIZTANLERIA (2011ko urtarrilaren 1ean): 5254 bizt. AZALERA: 69,8 km2 BIZTANLERIA DENTSITATEA: 75,19 biz.\/ km2 ALTITUDEA: 404 m KOMUNIKAZIOAK: Oso komunikazio ona du Iru\u00f1earekin A-21 autobideari esker (gaur egun Irunberriraino heltzen da, eta N-240 errepidearen bidez iristen da haraino Zangozatik). NA-127 errepidea Sos del Rey [&hellip;]<\/p>\n","protected":false},"author":1,"featured_media":60351,"parent":31501,"menu_order":26,"comment_status":"closed","ping_status":"closed","template":"","meta":{"_exactmetrics_skip_tracking":false,"_exactmetrics_sitenote_active":false,"_exactmetrics_sitenote_note":"","_exactmetrics_sitenote_category":0,"footnotes":""},"class_list":["post-31503","page","type-page","status-publish","has-post-thumbnail","hentry"],"yoast_head":"<!-- This site is optimized with the Yoast SEO plugin v22.3 - https:\/\/yoast.com\/wordpress\/plugins\/seo\/ -->\r\n<title>Intereseko Datuak - Ayuntamiento Sang\u00fcesa \/ Zangozako Udala<\/title>\r\n<meta name=\"robots\" content=\"index, follow, max-snippet:-1, max-image-preview:large, max-video-preview:-1\" \/>\r\n<link rel=\"canonical\" href=\"https:\/\/www.sanguesa.es\/eu\/lekua-eta-jendea\/intereseko-datuak\/\" \/>\r\n<meta property=\"og:locale\" content=\"eu_ES\" \/>\r\n<meta property=\"og:type\" content=\"article\" \/>\r\n<meta property=\"og:title\" content=\"Intereseko Datuak - Ayuntamiento Sang\u00fcesa \/ Zangozako Udala\" \/>\r\n<meta property=\"og:description\" content=\"KATEGORIA HISTORIKOA: Hiria BARRUTI JUDIZIALA: Agoitz. MERINDADEA: Zangoza. ESKUALDE GEOGRAFIKOA: Zangoza. BIZTANLERIA (2011ko urtarrilaren 1ean): 5254 bizt. AZALERA: 69,8 km2 BIZTANLERIA DENTSITATEA: 75,19 biz.\/ km2 ALTITUDEA: 404 m KOMUNIKAZIOAK: Oso komunikazio ona du Iru\u00f1earekin A-21 autobideari esker (gaur egun Irunberriraino heltzen da, eta N-240 errepidearen bidez iristen da haraino Zangozatik). NA-127 errepidea Sos del Rey [&hellip;]\" \/>\r\n<meta property=\"og:url\" content=\"https:\/\/www.sanguesa.es\/eu\/lekua-eta-jendea\/intereseko-datuak\/\" \/>\r\n<meta property=\"og:site_name\" content=\"Ayuntamiento Sang\u00fcesa \/ Zangozako Udala\" \/>\r\n<meta name=\"twitter:card\" content=\"summary_large_image\" \/>\r\n<meta name=\"twitter:label1\" content=\"Est. reading time\" \/>\n\t<meta name=\"twitter:data1\" content=\"1 minute\" \/>\r\n<script type=\"application\/ld+json\" class=\"yoast-schema-graph\">{\"@context\":\"https:\/\/schema.org\",\"@graph\":[{\"@type\":\"WebPage\",\"@id\":\"https:\/\/www.sanguesa.es\/eu\/lekua-eta-jendea\/intereseko-datuak\/\",\"url\":\"https:\/\/www.sanguesa.es\/eu\/lekua-eta-jendea\/intereseko-datuak\/\",\"name\":\"Intereseko Datuak - Ayuntamiento Sang\u00fcesa \/ Zangozako Udala\",\"isPartOf\":{\"@id\":\"https:\/\/www.sanguesa.es\/#website\"},\"primaryImageOfPage\":{\"@id\":\"https:\/\/www.sanguesa.es\/eu\/lekua-eta-jendea\/intereseko-datuak\/#primaryimage\"},\"image\":{\"@id\":\"https:\/\/www.sanguesa.es\/eu\/lekua-eta-jendea\/intereseko-datuak\/#primaryimage\"},\"thumbnailUrl\":\"https:\/\/www.sanguesa.es\/wp-content\/uploads\/2024\/10\/vista-sanguesa.png\",\"datePublished\":\"2012-06-19T11:23:47+00:00\",\"dateModified\":\"2012-06-19T11:23:47+00:00\",\"breadcrumb\":{\"@id\":\"https:\/\/www.sanguesa.es\/eu\/lekua-eta-jendea\/intereseko-datuak\/#breadcrumb\"},\"inLanguage\":\"eu-ES\",\"potentialAction\":[{\"@type\":\"ReadAction\",\"target\":[\"https:\/\/www.sanguesa.es\/eu\/lekua-eta-jendea\/intereseko-datuak\/\"]}]},{\"@type\":\"ImageObject\",\"inLanguage\":\"eu-ES\",\"@id\":\"https:\/\/www.sanguesa.es\/eu\/lekua-eta-jendea\/intereseko-datuak\/#primaryimage\",\"url\":\"https:\/\/www.sanguesa.es\/wp-content\/uploads\/2024\/10\/vista-sanguesa.png\",\"contentUrl\":\"https:\/\/www.sanguesa.es\/wp-content\/uploads\/2024\/10\/vista-sanguesa.png\",\"width\":2646,\"height\":1134},{\"@type\":\"BreadcrumbList\",\"@id\":\"https:\/\/www.sanguesa.es\/eu\/lekua-eta-jendea\/intereseko-datuak\/#breadcrumb\",\"itemListElement\":[{\"@type\":\"ListItem\",\"position\":1,\"name\":\"Portada\",\"item\":\"https:\/\/www.sanguesa.es\/\"},{\"@type\":\"ListItem\",\"position\":2,\"name\":\"Lekua eta Jendea\",\"item\":\"https:\/\/www.sanguesa.es\/eu\/lekua-eta-jendea\/\"},{\"@type\":\"ListItem\",\"position\":3,\"name\":\"Intereseko Datuak\"}]},{\"@type\":\"WebSite\",\"@id\":\"https:\/\/www.sanguesa.es\/#website\",\"url\":\"https:\/\/www.sanguesa.es\/\",\"name\":\"Ayuntamiento Sang\u00fcesa \/ Zangozako Udala\",\"description\":\"Sitio web del Ayuntamiento Sang\u00fcesa \/ Zangozako Udala\",\"potentialAction\":[{\"@type\":\"SearchAction\",\"target\":{\"@type\":\"EntryPoint\",\"urlTemplate\":\"https:\/\/www.sanguesa.es\/?s={search_term_string}\"},\"query-input\":\"required name=search_term_string\"}],\"inLanguage\":\"eu-ES\"}]}<\/script>\r\n<!-- \/ Yoast SEO plugin. -->","yoast_head_json":{"title":"Intereseko Datuak - Ayuntamiento Sang\u00fcesa \/ Zangozako Udala","robots":{"index":"index","follow":"follow","max-snippet":"max-snippet:-1","max-image-preview":"max-image-preview:large","max-video-preview":"max-video-preview:-1"},"canonical":"https:\/\/www.sanguesa.es\/eu\/lekua-eta-jendea\/intereseko-datuak\/","og_locale":"eu_ES","og_type":"article","og_title":"Intereseko Datuak - Ayuntamiento Sang\u00fcesa \/ Zangozako Udala","og_description":"KATEGORIA HISTORIKOA: Hiria BARRUTI JUDIZIALA: Agoitz. MERINDADEA: Zangoza. ESKUALDE GEOGRAFIKOA: Zangoza. BIZTANLERIA (2011ko urtarrilaren 1ean): 5254 bizt. AZALERA: 69,8 km2 BIZTANLERIA DENTSITATEA: 75,19 biz.\/ km2 ALTITUDEA: 404 m KOMUNIKAZIOAK: Oso komunikazio ona du Iru\u00f1earekin A-21 autobideari esker (gaur egun Irunberriraino heltzen da, eta N-240 errepidearen bidez iristen da haraino Zangozatik). NA-127 errepidea Sos del Rey [&hellip;]","og_url":"https:\/\/www.sanguesa.es\/eu\/lekua-eta-jendea\/intereseko-datuak\/","og_site_name":"Ayuntamiento Sang\u00fcesa \/ Zangozako Udala","twitter_card":"summary_large_image","twitter_misc":{"Est. reading time":"1 minute"},"schema":{"@context":"https:\/\/schema.org","@graph":[{"@type":"WebPage","@id":"https:\/\/www.sanguesa.es\/eu\/lekua-eta-jendea\/intereseko-datuak\/","url":"https:\/\/www.sanguesa.es\/eu\/lekua-eta-jendea\/intereseko-datuak\/","name":"Intereseko Datuak - Ayuntamiento Sang\u00fcesa \/ Zangozako Udala","isPartOf":{"@id":"https:\/\/www.sanguesa.es\/#website"},"primaryImageOfPage":{"@id":"https:\/\/www.sanguesa.es\/eu\/lekua-eta-jendea\/intereseko-datuak\/#primaryimage"},"image":{"@id":"https:\/\/www.sanguesa.es\/eu\/lekua-eta-jendea\/intereseko-datuak\/#primaryimage"},"thumbnailUrl":"https:\/\/www.sanguesa.es\/wp-content\/uploads\/2024\/10\/vista-sanguesa.png","datePublished":"2012-06-19T11:23:47+00:00","dateModified":"2012-06-19T11:23:47+00:00","breadcrumb":{"@id":"https:\/\/www.sanguesa.es\/eu\/lekua-eta-jendea\/intereseko-datuak\/#breadcrumb"},"inLanguage":"eu-ES","potentialAction":[{"@type":"ReadAction","target":["https:\/\/www.sanguesa.es\/eu\/lekua-eta-jendea\/intereseko-datuak\/"]}]},{"@type":"ImageObject","inLanguage":"eu-ES","@id":"https:\/\/www.sanguesa.es\/eu\/lekua-eta-jendea\/intereseko-datuak\/#primaryimage","url":"https:\/\/www.sanguesa.es\/wp-content\/uploads\/2024\/10\/vista-sanguesa.png","contentUrl":"https:\/\/www.sanguesa.es\/wp-content\/uploads\/2024\/10\/vista-sanguesa.png","width":2646,"height":1134},{"@type":"BreadcrumbList","@id":"https:\/\/www.sanguesa.es\/eu\/lekua-eta-jendea\/intereseko-datuak\/#breadcrumb","itemListElement":[{"@type":"ListItem","position":1,"name":"Portada","item":"https:\/\/www.sanguesa.es\/"},{"@type":"ListItem","position":2,"name":"Lekua eta Jendea","item":"https:\/\/www.sanguesa.es\/eu\/lekua-eta-jendea\/"},{"@type":"ListItem","position":3,"name":"Intereseko Datuak"}]},{"@type":"WebSite","@id":"https:\/\/www.sanguesa.es\/#website","url":"https:\/\/www.sanguesa.es\/","name":"Ayuntamiento Sang\u00fcesa \/ Zangozako Udala","description":"Sitio web del Ayuntamiento Sang\u00fcesa \/ Zangozako Udala","potentialAction":[{"@type":"SearchAction","target":{"@type":"EntryPoint","urlTemplate":"https:\/\/www.sanguesa.es\/?s={search_term_string}"},"query-input":"required name=search_term_string"}],"inLanguage":"eu-ES"}]}},"_links":{"self":[{"href":"https:\/\/www.sanguesa.es\/eu\/wp-json\/wp\/v2\/pages\/31503"}],"collection":[{"href":"https:\/\/www.sanguesa.es\/eu\/wp-json\/wp\/v2\/pages"}],"about":[{"href":"https:\/\/www.sanguesa.es\/eu\/wp-json\/wp\/v2\/types\/page"}],"author":[{"embeddable":true,"href":"https:\/\/www.sanguesa.es\/eu\/wp-json\/wp\/v2\/users\/1"}],"replies":[{"embeddable":true,"href":"https:\/\/www.sanguesa.es\/eu\/wp-json\/wp\/v2\/comments?post=31503"}],"version-history":[{"count":0,"href":"https:\/\/www.sanguesa.es\/eu\/wp-json\/wp\/v2\/pages\/31503\/revisions"}],"up":[{"embeddable":true,"href":"https:\/\/www.sanguesa.es\/eu\/wp-json\/wp\/v2\/pages\/31501"}],"wp:featuredmedia":[{"embeddable":true,"href":"https:\/\/www.sanguesa.es\/eu\/wp-json\/wp\/v2\/media\/60351"}],"wp:attachment":[{"href":"https:\/\/www.sanguesa.es\/eu\/wp-json\/wp\/v2\/media?parent=31503"}],"curies":[{"name":"wp","href":"https:\/\/api.w.org\/{rel}","templated":true}]}}