{"id":31578,"date":"2012-06-19T14:07:53","date_gmt":"2012-06-19T14:07:53","guid":{"rendered":"http:\/\/serviciosdeportes.animsa.net\/pertsona-ospetsuak\/"},"modified":"2012-06-19T14:07:53","modified_gmt":"2012-06-19T12:07:53","slug":"pertsona-ospetsuak","status":"publish","type":"page","link":"https:\/\/www.sanguesa.es\/eu\/lekua-eta-jendea\/historia\/pertsona-ospetsuak\/","title":{"rendered":"Pertsona Ospetsuak"},"content":{"rendered":"<h4>HENRIKE II.A ALBRETEKOA<\/h4>\n<p><a title=\"El documento PDF se abrir\u00e1 en nueva ventana\" href=\"\/wp-content\/uploads\/2012\/06\/enrique_II_albret.pdf\" class=\"mtli_attachment mtli_pdf\" target=\"_blank\" rel=\"noopener\">Sucinta biograf\u00eda de Enrique II de Albret, \u00abel sang\u00fcesino\u00bb, Rey de Navarra, \u00faltimo Pr\u00edncipe de Viana (Sang\u00fcesa, 1503 &#8211; Hagetmau, 1555) (Tama\u00f1o 126Kb).<\/a><img loading=\"lazy\" decoding=\"async\" class=\"alignright size-full wp-image-226\" alt=\"Enrique Albret\" src=\"http:\/\/www.sanguesa.es\/wp-content\/uploads\/2012\/06\/Enrique_Albret.jpg\" width=\"200\" height=\"283\" \/><\/p>\n<ul>\n<li>1503. urtea &#8211; Joanes III.a Nafarroakoa eta Katalina Foixkoa errege-erreginak orduko Zangoza hirira etorri ziren, eta hantxe sortu zen haien bosgarren semea, Henrike.<\/li>\n<li>1504. urtea \u2013 Medinako Ituna.<\/li>\n<li>1512. urtea \u2013 Fernando Katolikoak Nafarroa inbaditu eta konkistatu zuen. Zangozako hiriak leialtasuna agertu zien bere errege-erregina legitimoei.<\/li>\n<li>Henrike II.a Albretekoaren gurasoak hil ziren.<\/li>\n<li>1525. urtea \u2013 Noaingo bataila.<\/li>\n<li>1525eko otsailaren 24a \u2013 Paviako Gudua Karlos V.aren aurka.<\/li>\n<li>Harreman estuak Henrike II.aren eta Frantzisko I.aren artean.<\/li>\n<li>1527ko urtarrilaren 24a \u2013 Margarita Angulemakoa, gero Nafarroakoa, eta Henrike II.a Albretekoa ezkondu ziren.<\/li>\n<li>Gure errege-erreginen jarduketak eta interesak Biarno eskualdea hobetzeko.<\/li>\n<li>1530. urtea \u2013 Nafarroa Beherea Henrike II.a Albretekoaren esku gelditu zen.<\/li>\n<li>1546ko apirila. Nabarrengose udalerriaren leialtasun-zina.<\/li>\n<li>1547ko martxoaren 30a. Frantziako errege Frantzisko I.a hil zen, Henrike II.a Albretekoaren koinatua.<\/li>\n<li>1548ko urriaren 20a \u2013 Joana, Henrike II.aren eta Margarita Nafarroakoaren alaba bakarra, Antonio Borboikoarekin ezkondu zen.<\/li>\n<li>1549ko abenduaren 21a \u2013 Margarita Nafarroakoa hil zen.<\/li>\n<li>1553ko abenduaren 12a \u2013 Joana Albretekoak haur egin zuen Paueko gazteluan.<\/li>\n<li>1554ko urtarrilaren 6a \u2013 Henrike III.a Nafarroakoaren eta IV.a Frantziakoaren bataioa.<\/li>\n<li>1554ko uztailaren 15a \u2013 San Henrike, Henrike II.a erregearen patroia.<\/li>\n<li>1555eko maiatzaren 29a \u2013 Henrike II.a Nafarroakoa erregearen heriotza eta hileta-elizkizunak.<\/li>\n<li>1555eko ekainaren 22a \u2013 Hotsandiko hileta-elizkizunak Henrike II.a erregearen alde.<\/li>\n<\/ul>\n","protected":false},"excerpt":{"rendered":"<p>HENRIKE II.A ALBRETEKOA Sucinta biograf\u00eda de Enrique II de Albret, \u00abel sang\u00fcesino\u00bb, Rey de Navarra, \u00faltimo Pr\u00edncipe de Viana (Sang\u00fcesa, 1503 &#8211; Hagetmau, 1555) (Tama\u00f1o 126Kb). 1503. urtea &#8211; Joanes III.a Nafarroakoa eta Katalina Foixkoa errege-erreginak orduko Zangoza hirira etorri ziren, eta hantxe sortu zen haien bosgarren semea, Henrike. 1504. urtea \u2013 Medinako Ituna. 1512. [&hellip;]<\/p>\n","protected":false},"author":1,"featured_media":0,"parent":31573,"menu_order":26,"comment_status":"closed","ping_status":"closed","template":"","meta":{"_exactmetrics_skip_tracking":false,"_exactmetrics_sitenote_active":false,"_exactmetrics_sitenote_note":"","_exactmetrics_sitenote_category":0,"footnotes":""},"class_list":["post-31578","page","type-page","status-publish","hentry"],"yoast_head":"<!-- This site is optimized with the Yoast SEO plugin v22.3 - https:\/\/yoast.com\/wordpress\/plugins\/seo\/ -->\r\n<title>Pertsona Ospetsuak - Ayuntamiento Sang\u00fcesa \/ Zangozako Udala<\/title>\r\n<meta name=\"robots\" content=\"index, follow, max-snippet:-1, max-image-preview:large, max-video-preview:-1\" \/>\r\n<link rel=\"canonical\" href=\"https:\/\/www.sanguesa.es\/eu\/lekua-eta-jendea\/historia\/pertsona-ospetsuak\/\" \/>\r\n<meta property=\"og:locale\" content=\"eu_ES\" \/>\r\n<meta property=\"og:type\" content=\"article\" \/>\r\n<meta property=\"og:title\" content=\"Pertsona Ospetsuak - Ayuntamiento Sang\u00fcesa \/ Zangozako Udala\" \/>\r\n<meta property=\"og:description\" content=\"HENRIKE II.A ALBRETEKOA Sucinta biograf\u00eda de Enrique II de Albret, \u00abel sang\u00fcesino\u00bb, Rey de Navarra, \u00faltimo Pr\u00edncipe de Viana (Sang\u00fcesa, 1503 &#8211; Hagetmau, 1555) (Tama\u00f1o 126Kb). 1503. urtea &#8211; Joanes III.a Nafarroakoa eta Katalina Foixkoa errege-erreginak orduko Zangoza hirira etorri ziren, eta hantxe sortu zen haien bosgarren semea, Henrike. 1504. urtea \u2013 Medinako Ituna. 1512. [&hellip;]\" \/>\r\n<meta property=\"og:url\" content=\"https:\/\/www.sanguesa.es\/eu\/lekua-eta-jendea\/historia\/pertsona-ospetsuak\/\" \/>\r\n<meta property=\"og:site_name\" content=\"Ayuntamiento Sang\u00fcesa \/ Zangozako Udala\" \/>\r\n<meta property=\"article:modified_time\" content=\"2012-06-19T12:07:53+00:00\" \/>\r\n<meta property=\"og:image\" content=\"http:\/\/www.sanguesa.es\/wp-content\/uploads\/2012\/06\/Enrique_Albret.jpg\" \/>\r\n<meta name=\"twitter:card\" content=\"summary_large_image\" \/>\r\n<meta name=\"twitter:label1\" content=\"Est. reading time\" \/>\n\t<meta name=\"twitter:data1\" content=\"1 minute\" \/>\r\n<script type=\"application\/ld+json\" class=\"yoast-schema-graph\">{\"@context\":\"https:\/\/schema.org\",\"@graph\":[{\"@type\":\"WebPage\",\"@id\":\"https:\/\/www.sanguesa.es\/eu\/lekua-eta-jendea\/historia\/pertsona-ospetsuak\/\",\"url\":\"https:\/\/www.sanguesa.es\/eu\/lekua-eta-jendea\/historia\/pertsona-ospetsuak\/\",\"name\":\"Pertsona Ospetsuak - Ayuntamiento Sang\u00fcesa \/ Zangozako Udala\",\"isPartOf\":{\"@id\":\"https:\/\/www.sanguesa.es\/#website\"},\"primaryImageOfPage\":{\"@id\":\"https:\/\/www.sanguesa.es\/eu\/lekua-eta-jendea\/historia\/pertsona-ospetsuak\/#primaryimage\"},\"image\":{\"@id\":\"https:\/\/www.sanguesa.es\/eu\/lekua-eta-jendea\/historia\/pertsona-ospetsuak\/#primaryimage\"},\"thumbnailUrl\":\"http:\/\/www.sanguesa.es\/wp-content\/uploads\/2012\/06\/Enrique_Albret.jpg\",\"datePublished\":\"2012-06-19T14:07:53+00:00\",\"dateModified\":\"2012-06-19T12:07:53+00:00\",\"breadcrumb\":{\"@id\":\"https:\/\/www.sanguesa.es\/eu\/lekua-eta-jendea\/historia\/pertsona-ospetsuak\/#breadcrumb\"},\"inLanguage\":\"eu-ES\",\"potentialAction\":[{\"@type\":\"ReadAction\",\"target\":[\"https:\/\/www.sanguesa.es\/eu\/lekua-eta-jendea\/historia\/pertsona-ospetsuak\/\"]}]},{\"@type\":\"ImageObject\",\"inLanguage\":\"eu-ES\",\"@id\":\"https:\/\/www.sanguesa.es\/eu\/lekua-eta-jendea\/historia\/pertsona-ospetsuak\/#primaryimage\",\"url\":\"http:\/\/www.sanguesa.es\/wp-content\/uploads\/2012\/06\/Enrique_Albret.jpg\",\"contentUrl\":\"http:\/\/www.sanguesa.es\/wp-content\/uploads\/2012\/06\/Enrique_Albret.jpg\"},{\"@type\":\"BreadcrumbList\",\"@id\":\"https:\/\/www.sanguesa.es\/eu\/lekua-eta-jendea\/historia\/pertsona-ospetsuak\/#breadcrumb\",\"itemListElement\":[{\"@type\":\"ListItem\",\"position\":1,\"name\":\"Portada\",\"item\":\"https:\/\/www.sanguesa.es\/\"},{\"@type\":\"ListItem\",\"position\":2,\"name\":\"Lekua eta Jendea\",\"item\":\"https:\/\/www.sanguesa.es\/eu\/lekua-eta-jendea\/\"},{\"@type\":\"ListItem\",\"position\":3,\"name\":\"Historia\",\"item\":\"https:\/\/www.sanguesa.es\/eu\/lekua-eta-jendea\/historia\/\"},{\"@type\":\"ListItem\",\"position\":4,\"name\":\"Pertsona Ospetsuak\"}]},{\"@type\":\"WebSite\",\"@id\":\"https:\/\/www.sanguesa.es\/#website\",\"url\":\"https:\/\/www.sanguesa.es\/\",\"name\":\"Ayuntamiento Sang\u00fcesa \/ Zangozako Udala\",\"description\":\"Sitio web del Ayuntamiento Sang\u00fcesa \/ Zangozako Udala\",\"potentialAction\":[{\"@type\":\"SearchAction\",\"target\":{\"@type\":\"EntryPoint\",\"urlTemplate\":\"https:\/\/www.sanguesa.es\/?s={search_term_string}\"},\"query-input\":\"required name=search_term_string\"}],\"inLanguage\":\"eu-ES\"}]}<\/script>\r\n<!-- \/ Yoast SEO plugin. -->","yoast_head_json":{"title":"Pertsona Ospetsuak - Ayuntamiento Sang\u00fcesa \/ Zangozako Udala","robots":{"index":"index","follow":"follow","max-snippet":"max-snippet:-1","max-image-preview":"max-image-preview:large","max-video-preview":"max-video-preview:-1"},"canonical":"https:\/\/www.sanguesa.es\/eu\/lekua-eta-jendea\/historia\/pertsona-ospetsuak\/","og_locale":"eu_ES","og_type":"article","og_title":"Pertsona Ospetsuak - Ayuntamiento Sang\u00fcesa \/ Zangozako Udala","og_description":"HENRIKE II.A ALBRETEKOA Sucinta biograf\u00eda de Enrique II de Albret, \u00abel sang\u00fcesino\u00bb, Rey de Navarra, \u00faltimo Pr\u00edncipe de Viana (Sang\u00fcesa, 1503 &#8211; Hagetmau, 1555) (Tama\u00f1o 126Kb). 1503. urtea &#8211; Joanes III.a Nafarroakoa eta Katalina Foixkoa errege-erreginak orduko Zangoza hirira etorri ziren, eta hantxe sortu zen haien bosgarren semea, Henrike. 1504. urtea \u2013 Medinako Ituna. 1512. [&hellip;]","og_url":"https:\/\/www.sanguesa.es\/eu\/lekua-eta-jendea\/historia\/pertsona-ospetsuak\/","og_site_name":"Ayuntamiento Sang\u00fcesa \/ Zangozako Udala","article_modified_time":"2012-06-19T12:07:53+00:00","og_image":[{"url":"http:\/\/www.sanguesa.es\/wp-content\/uploads\/2012\/06\/Enrique_Albret.jpg"}],"twitter_card":"summary_large_image","twitter_misc":{"Est. reading time":"1 minute"},"schema":{"@context":"https:\/\/schema.org","@graph":[{"@type":"WebPage","@id":"https:\/\/www.sanguesa.es\/eu\/lekua-eta-jendea\/historia\/pertsona-ospetsuak\/","url":"https:\/\/www.sanguesa.es\/eu\/lekua-eta-jendea\/historia\/pertsona-ospetsuak\/","name":"Pertsona Ospetsuak - Ayuntamiento Sang\u00fcesa \/ Zangozako Udala","isPartOf":{"@id":"https:\/\/www.sanguesa.es\/#website"},"primaryImageOfPage":{"@id":"https:\/\/www.sanguesa.es\/eu\/lekua-eta-jendea\/historia\/pertsona-ospetsuak\/#primaryimage"},"image":{"@id":"https:\/\/www.sanguesa.es\/eu\/lekua-eta-jendea\/historia\/pertsona-ospetsuak\/#primaryimage"},"thumbnailUrl":"http:\/\/www.sanguesa.es\/wp-content\/uploads\/2012\/06\/Enrique_Albret.jpg","datePublished":"2012-06-19T14:07:53+00:00","dateModified":"2012-06-19T12:07:53+00:00","breadcrumb":{"@id":"https:\/\/www.sanguesa.es\/eu\/lekua-eta-jendea\/historia\/pertsona-ospetsuak\/#breadcrumb"},"inLanguage":"eu-ES","potentialAction":[{"@type":"ReadAction","target":["https:\/\/www.sanguesa.es\/eu\/lekua-eta-jendea\/historia\/pertsona-ospetsuak\/"]}]},{"@type":"ImageObject","inLanguage":"eu-ES","@id":"https:\/\/www.sanguesa.es\/eu\/lekua-eta-jendea\/historia\/pertsona-ospetsuak\/#primaryimage","url":"http:\/\/www.sanguesa.es\/wp-content\/uploads\/2012\/06\/Enrique_Albret.jpg","contentUrl":"http:\/\/www.sanguesa.es\/wp-content\/uploads\/2012\/06\/Enrique_Albret.jpg"},{"@type":"BreadcrumbList","@id":"https:\/\/www.sanguesa.es\/eu\/lekua-eta-jendea\/historia\/pertsona-ospetsuak\/#breadcrumb","itemListElement":[{"@type":"ListItem","position":1,"name":"Portada","item":"https:\/\/www.sanguesa.es\/"},{"@type":"ListItem","position":2,"name":"Lekua eta Jendea","item":"https:\/\/www.sanguesa.es\/eu\/lekua-eta-jendea\/"},{"@type":"ListItem","position":3,"name":"Historia","item":"https:\/\/www.sanguesa.es\/eu\/lekua-eta-jendea\/historia\/"},{"@type":"ListItem","position":4,"name":"Pertsona Ospetsuak"}]},{"@type":"WebSite","@id":"https:\/\/www.sanguesa.es\/#website","url":"https:\/\/www.sanguesa.es\/","name":"Ayuntamiento Sang\u00fcesa \/ Zangozako Udala","description":"Sitio web del Ayuntamiento Sang\u00fcesa \/ Zangozako Udala","potentialAction":[{"@type":"SearchAction","target":{"@type":"EntryPoint","urlTemplate":"https:\/\/www.sanguesa.es\/?s={search_term_string}"},"query-input":"required name=search_term_string"}],"inLanguage":"eu-ES"}]}},"_links":{"self":[{"href":"https:\/\/www.sanguesa.es\/eu\/wp-json\/wp\/v2\/pages\/31578"}],"collection":[{"href":"https:\/\/www.sanguesa.es\/eu\/wp-json\/wp\/v2\/pages"}],"about":[{"href":"https:\/\/www.sanguesa.es\/eu\/wp-json\/wp\/v2\/types\/page"}],"author":[{"embeddable":true,"href":"https:\/\/www.sanguesa.es\/eu\/wp-json\/wp\/v2\/users\/1"}],"replies":[{"embeddable":true,"href":"https:\/\/www.sanguesa.es\/eu\/wp-json\/wp\/v2\/comments?post=31578"}],"version-history":[{"count":0,"href":"https:\/\/www.sanguesa.es\/eu\/wp-json\/wp\/v2\/pages\/31578\/revisions"}],"up":[{"embeddable":true,"href":"https:\/\/www.sanguesa.es\/eu\/wp-json\/wp\/v2\/pages\/31573"}],"wp:attachment":[{"href":"https:\/\/www.sanguesa.es\/eu\/wp-json\/wp\/v2\/media?parent=31578"}],"curies":[{"name":"wp","href":"https:\/\/api.w.org\/{rel}","templated":true}]}}