{"id":31846,"date":"2012-09-24T07:10:07","date_gmt":"2012-09-24T07:10:07","guid":{"rendered":"http:\/\/serviciosdeportes.animsa.net\/2010ko-aktak\/"},"modified":"2012-09-24T07:10:07","modified_gmt":"2012-09-24T07:10:07","slug":"2010ko-aktak","status":"publish","type":"page","link":"https:\/\/www.sanguesa.es\/eu\/udala\/udal-aktak\/2010ko-aktak\/","title":{"rendered":"2010ko Aktak"},"content":{"rendered":"<p>&nbsp;<\/p>\n<ul>\n<li><a title=\"El documento PDF se abrir\u00e1 en nueva ventana\" href=\"http:\/\/www.sanguesa.es\/wp-content\/uploads\/2012\/09\/PLENO-ORDINARIO.28-DICIEMBRE-2010.pdf\" class=\"mtli_attachment mtli_pdf\" target=\"_blank\" rel=\"noopener\">ACTA DE 28 DE DICIEMBRE DE 2010 (TAMA\u00d1O 153KB)<\/a><\/li>\n<li><a title=\"El documento PDF se abrir\u00e1 en nueva ventana\" href=\"http:\/\/www.sanguesa.es\/wp-content\/uploads\/2012\/09\/PLENO-ORDINARIO-26-octubre-2010.pdf\" class=\"mtli_attachment mtli_pdf\" target=\"_blank\" rel=\"noopener\">ACTA DE 26 DE OCTUBRE DE 2010 (TAMA\u00d1O 153KB)<\/a><\/li>\n<li><a title=\"El documento PDF se abrir\u00e1 en nueva ventana\" href=\"http:\/\/www.sanguesa.es\/wp-content\/uploads\/2012\/09\/acta_31_agosto_2010.pdf\" class=\"mtli_attachment mtli_pdf\" target=\"_blank\" rel=\"noopener\">ACTA DE 31 DE AGOSTO DE 2010 (TAMA\u00d1O 153KB)<\/a><\/li>\n<li><a title=\"El documento PDF se abrir\u00e1 en nueva ventana\" href=\"http:\/\/www.sanguesa.es\/wp-content\/uploads\/2012\/09\/acta_29_junio_2010.pdf\" class=\"mtli_attachment mtli_pdf\" target=\"_blank\" rel=\"noopener\">ACTA DE 29 DE JUNIO DE 2010 (TAMA\u00d1O 214KB)<\/a><\/li>\n<li><a title=\"El documento PDF se abrir\u00e1 en nueva ventana\" href=\"http:\/\/www.sanguesa.es\/wp-content\/uploads\/2012\/09\/acta_10_mayo_2010.pdf\" class=\"mtli_attachment mtli_pdf\" target=\"_blank\" rel=\"noopener\">ACTA DE 10 DE MAYO DE 2010 (TAMA\u00d1O 56KB)<\/a><\/li>\n<li><a title=\"El documento PDF se abrir\u00e1 en nueva ventana\" href=\"http:\/\/www.sanguesa.es\/wp-content\/uploads\/2012\/09\/acta_30_abril_2010.pdf\" class=\"mtli_attachment mtli_pdf\" target=\"_blank\" rel=\"noopener\">ACTA DE 30 DE ABRIL DE 2010 (TAMA\u00d1O 48KB)<\/a><\/li>\n<li><a title=\"El documento PDF se abrir\u00e1 en nueva ventana\" href=\"http:\/\/www.sanguesa.es\/wp-content\/uploads\/2012\/09\/acta_27_abril_2010.pdf\" class=\"mtli_attachment mtli_pdf\" target=\"_blank\" rel=\"noopener\">ACTA DE 27 DE ABRIL DE 2010 (TAMA\u00d1O 159KB)<\/a><\/li>\n<li><a title=\"El documento PDF se abrir\u00e1 en nueva ventana\" href=\"http:\/\/www.sanguesa.es\/wp-content\/uploads\/2012\/09\/acta_23_marzo_2010.pdf\" class=\"mtli_attachment mtli_pdf\" target=\"_blank\" rel=\"noopener\">ACTA DE 23 DE MARZO DE 2010 (TAMA\u00d1O 67KB)<\/a><\/li>\n<li><a title=\"El documento PDF se abrir\u00e1 en nueva ventana\" href=\"http:\/\/www.sanguesa.es\/wp-content\/uploads\/2012\/09\/acta_24_febrero_2010.pdf\" class=\"mtli_attachment mtli_pdf\" target=\"_blank\" rel=\"noopener\">ACTA DE 24 DE FEBRERO DE 2010 (TAMA\u00d1O 157KB)<\/a><\/li>\n<li><a title=\"El documento PDF se abrir\u00e1 en nueva ventana\" href=\"http:\/\/www.sanguesa.es\/wp-content\/uploads\/2012\/09\/acta_1_febrero_2010.pdf\" class=\"mtli_attachment mtli_pdf\" target=\"_blank\" rel=\"noopener\">ACTA DE 1 DE FEBRERO DE 2010 (TAMA\u00d1O 84KB)<\/a><\/li>\n<\/ul>\n","protected":false},"excerpt":{"rendered":"<p>&nbsp; ACTA DE 28 DE DICIEMBRE DE 2010 (TAMA\u00d1O 153KB) ACTA DE 26 DE OCTUBRE DE 2010 (TAMA\u00d1O 153KB) ACTA DE 31 DE AGOSTO DE 2010 (TAMA\u00d1O 153KB) ACTA DE 29 DE JUNIO DE 2010 (TAMA\u00d1O 214KB) ACTA DE 10 DE MAYO DE 2010 (TAMA\u00d1O 56KB) ACTA DE 30 DE ABRIL DE 2010 (TAMA\u00d1O 48KB) [&hellip;]<\/p>\n","protected":false},"author":1,"featured_media":0,"parent":31495,"menu_order":34,"comment_status":"closed","ping_status":"closed","template":"","meta":{"_exactmetrics_skip_tracking":false,"_exactmetrics_sitenote_active":false,"_exactmetrics_sitenote_note":"","_exactmetrics_sitenote_category":0,"footnotes":""},"class_list":["post-31846","page","type-page","status-publish","hentry"],"yoast_head":"<!-- This site is optimized with the Yoast SEO plugin v22.3 - https:\/\/yoast.com\/wordpress\/plugins\/seo\/ -->\r\n<title>2010ko Aktak - Ayuntamiento Sang\u00fcesa \/ Zangozako Udala<\/title>\r\n<meta name=\"robots\" content=\"index, follow, max-snippet:-1, max-image-preview:large, max-video-preview:-1\" \/>\r\n<link rel=\"canonical\" href=\"https:\/\/www.sanguesa.es\/eu\/udala\/udal-aktak\/2010ko-aktak\/\" \/>\r\n<meta property=\"og:locale\" content=\"eu_ES\" \/>\r\n<meta property=\"og:type\" content=\"article\" \/>\r\n<meta property=\"og:title\" content=\"2010ko Aktak - Ayuntamiento Sang\u00fcesa \/ Zangozako Udala\" \/>\r\n<meta property=\"og:description\" content=\"&nbsp; ACTA DE 28 DE DICIEMBRE DE 2010 (TAMA\u00d1O 153KB) ACTA DE 26 DE OCTUBRE DE 2010 (TAMA\u00d1O 153KB) ACTA DE 31 DE AGOSTO DE 2010 (TAMA\u00d1O 153KB) ACTA DE 29 DE JUNIO DE 2010 (TAMA\u00d1O 214KB) ACTA DE 10 DE MAYO DE 2010 (TAMA\u00d1O 56KB) ACTA DE 30 DE ABRIL DE 2010 (TAMA\u00d1O 48KB) [&hellip;]\" \/>\r\n<meta property=\"og:url\" content=\"https:\/\/www.sanguesa.es\/eu\/udala\/udal-aktak\/2010ko-aktak\/\" \/>\r\n<meta property=\"og:site_name\" content=\"Ayuntamiento Sang\u00fcesa \/ Zangozako Udala\" \/>\r\n<meta name=\"twitter:card\" content=\"summary_large_image\" \/>\r\n<script type=\"application\/ld+json\" class=\"yoast-schema-graph\">{\"@context\":\"https:\/\/schema.org\",\"@graph\":[{\"@type\":\"WebPage\",\"@id\":\"https:\/\/www.sanguesa.es\/eu\/udala\/udal-aktak\/2010ko-aktak\/\",\"url\":\"https:\/\/www.sanguesa.es\/eu\/udala\/udal-aktak\/2010ko-aktak\/\",\"name\":\"2010ko Aktak - Ayuntamiento Sang\u00fcesa \/ Zangozako Udala\",\"isPartOf\":{\"@id\":\"https:\/\/www.sanguesa.es\/#website\"},\"datePublished\":\"2012-09-24T07:10:07+00:00\",\"dateModified\":\"2012-09-24T07:10:07+00:00\",\"breadcrumb\":{\"@id\":\"https:\/\/www.sanguesa.es\/eu\/udala\/udal-aktak\/2010ko-aktak\/#breadcrumb\"},\"inLanguage\":\"eu-ES\",\"potentialAction\":[{\"@type\":\"ReadAction\",\"target\":[\"https:\/\/www.sanguesa.es\/eu\/udala\/udal-aktak\/2010ko-aktak\/\"]}]},{\"@type\":\"BreadcrumbList\",\"@id\":\"https:\/\/www.sanguesa.es\/eu\/udala\/udal-aktak\/2010ko-aktak\/#breadcrumb\",\"itemListElement\":[{\"@type\":\"ListItem\",\"position\":1,\"name\":\"Portada\",\"item\":\"https:\/\/www.sanguesa.es\/\"},{\"@type\":\"ListItem\",\"position\":2,\"name\":\"Udala\",\"item\":\"https:\/\/www.sanguesa.es\/eu\/udala\/\"},{\"@type\":\"ListItem\",\"position\":3,\"name\":\"Udal Aktak\",\"item\":\"https:\/\/www.sanguesa.es\/eu\/udala\/udal-aktak\/\"},{\"@type\":\"ListItem\",\"position\":4,\"name\":\"2010ko Aktak\"}]},{\"@type\":\"WebSite\",\"@id\":\"https:\/\/www.sanguesa.es\/#website\",\"url\":\"https:\/\/www.sanguesa.es\/\",\"name\":\"Ayuntamiento Sang\u00fcesa \/ Zangozako Udala\",\"description\":\"Sitio web del Ayuntamiento Sang\u00fcesa \/ Zangozako Udala\",\"potentialAction\":[{\"@type\":\"SearchAction\",\"target\":{\"@type\":\"EntryPoint\",\"urlTemplate\":\"https:\/\/www.sanguesa.es\/?s={search_term_string}\"},\"query-input\":\"required name=search_term_string\"}],\"inLanguage\":\"eu-ES\"}]}<\/script>\r\n<!-- \/ Yoast SEO plugin. -->","yoast_head_json":{"title":"2010ko Aktak - Ayuntamiento Sang\u00fcesa \/ Zangozako Udala","robots":{"index":"index","follow":"follow","max-snippet":"max-snippet:-1","max-image-preview":"max-image-preview:large","max-video-preview":"max-video-preview:-1"},"canonical":"https:\/\/www.sanguesa.es\/eu\/udala\/udal-aktak\/2010ko-aktak\/","og_locale":"eu_ES","og_type":"article","og_title":"2010ko Aktak - Ayuntamiento Sang\u00fcesa \/ Zangozako Udala","og_description":"&nbsp; ACTA DE 28 DE DICIEMBRE DE 2010 (TAMA\u00d1O 153KB) ACTA DE 26 DE OCTUBRE DE 2010 (TAMA\u00d1O 153KB) ACTA DE 31 DE AGOSTO DE 2010 (TAMA\u00d1O 153KB) ACTA DE 29 DE JUNIO DE 2010 (TAMA\u00d1O 214KB) ACTA DE 10 DE MAYO DE 2010 (TAMA\u00d1O 56KB) ACTA DE 30 DE ABRIL DE 2010 (TAMA\u00d1O 48KB) [&hellip;]","og_url":"https:\/\/www.sanguesa.es\/eu\/udala\/udal-aktak\/2010ko-aktak\/","og_site_name":"Ayuntamiento Sang\u00fcesa \/ Zangozako Udala","twitter_card":"summary_large_image","schema":{"@context":"https:\/\/schema.org","@graph":[{"@type":"WebPage","@id":"https:\/\/www.sanguesa.es\/eu\/udala\/udal-aktak\/2010ko-aktak\/","url":"https:\/\/www.sanguesa.es\/eu\/udala\/udal-aktak\/2010ko-aktak\/","name":"2010ko Aktak - Ayuntamiento Sang\u00fcesa \/ Zangozako Udala","isPartOf":{"@id":"https:\/\/www.sanguesa.es\/#website"},"datePublished":"2012-09-24T07:10:07+00:00","dateModified":"2012-09-24T07:10:07+00:00","breadcrumb":{"@id":"https:\/\/www.sanguesa.es\/eu\/udala\/udal-aktak\/2010ko-aktak\/#breadcrumb"},"inLanguage":"eu-ES","potentialAction":[{"@type":"ReadAction","target":["https:\/\/www.sanguesa.es\/eu\/udala\/udal-aktak\/2010ko-aktak\/"]}]},{"@type":"BreadcrumbList","@id":"https:\/\/www.sanguesa.es\/eu\/udala\/udal-aktak\/2010ko-aktak\/#breadcrumb","itemListElement":[{"@type":"ListItem","position":1,"name":"Portada","item":"https:\/\/www.sanguesa.es\/"},{"@type":"ListItem","position":2,"name":"Udala","item":"https:\/\/www.sanguesa.es\/eu\/udala\/"},{"@type":"ListItem","position":3,"name":"Udal Aktak","item":"https:\/\/www.sanguesa.es\/eu\/udala\/udal-aktak\/"},{"@type":"ListItem","position":4,"name":"2010ko Aktak"}]},{"@type":"WebSite","@id":"https:\/\/www.sanguesa.es\/#website","url":"https:\/\/www.sanguesa.es\/","name":"Ayuntamiento Sang\u00fcesa \/ Zangozako Udala","description":"Sitio web del Ayuntamiento Sang\u00fcesa \/ Zangozako Udala","potentialAction":[{"@type":"SearchAction","target":{"@type":"EntryPoint","urlTemplate":"https:\/\/www.sanguesa.es\/?s={search_term_string}"},"query-input":"required name=search_term_string"}],"inLanguage":"eu-ES"}]}},"_links":{"self":[{"href":"https:\/\/www.sanguesa.es\/eu\/wp-json\/wp\/v2\/pages\/31846"}],"collection":[{"href":"https:\/\/www.sanguesa.es\/eu\/wp-json\/wp\/v2\/pages"}],"about":[{"href":"https:\/\/www.sanguesa.es\/eu\/wp-json\/wp\/v2\/types\/page"}],"author":[{"embeddable":true,"href":"https:\/\/www.sanguesa.es\/eu\/wp-json\/wp\/v2\/users\/1"}],"replies":[{"embeddable":true,"href":"https:\/\/www.sanguesa.es\/eu\/wp-json\/wp\/v2\/comments?post=31846"}],"version-history":[{"count":0,"href":"https:\/\/www.sanguesa.es\/eu\/wp-json\/wp\/v2\/pages\/31846\/revisions"}],"up":[{"embeddable":true,"href":"https:\/\/www.sanguesa.es\/eu\/wp-json\/wp\/v2\/pages\/31495"}],"wp:attachment":[{"href":"https:\/\/www.sanguesa.es\/eu\/wp-json\/wp\/v2\/media?parent=31846"}],"curies":[{"name":"wp","href":"https:\/\/api.w.org\/{rel}","templated":true}]}}