{"id":31858,"date":"2012-09-24T07:11:33","date_gmt":"2012-09-24T07:11:33","guid":{"rendered":"http:\/\/serviciosdeportes.animsa.net\/2011ko-aktak\/"},"modified":"2012-09-24T07:11:33","modified_gmt":"2012-09-24T07:11:33","slug":"2011ko-aktak","status":"publish","type":"page","link":"https:\/\/www.sanguesa.es\/eu\/udala\/udal-aktak\/2011ko-aktak\/","title":{"rendered":"2011ko Aktak"},"content":{"rendered":"<p>&nbsp;<\/p>\n<ul>\n<li><a title=\"El documento PDF se abrir\u00e1 en nueva ventana\" href=\"http:\/\/www.sanguesa.es\/wp-content\/uploads\/2012\/09\/Acta_Pleno_27_diciembre_2011.pdf\" class=\"mtli_attachment mtli_pdf\" target=\"_blank\" rel=\"noopener\">ACTA 27 DE DICIEMBRE DE 2011 (TAMA\u00d1O 708 KB)<\/a><\/li>\n<li><a title=\"El documento PDF se abrir\u00e1 en nueva ventana\" href=\"http:\/\/www.sanguesa.es\/wp-content\/uploads\/2012\/09\/Acta_Pleno_29_noviembre_2011.pdf\" class=\"mtli_attachment mtli_pdf\" target=\"_blank\" rel=\"noopener\">ACTA DE 29 DE NOVIEMBRE DE 2011 (TAMA\u00d1O 812 KB)<\/a><\/li>\n<li><a title=\"El documento PDF se abrir\u00e1 en nueva ventana\" href=\"http:\/\/www.sanguesa.es\/wp-content\/uploads\/2012\/09\/Acta_Pleno_25_octubre_2011.pdf\" class=\"mtli_attachment mtli_pdf\" target=\"_blank\" rel=\"noopener\">ACTA DE 25 DE OCTUBRE DE 2011 (TAMA\u00d1O 581 KB)<\/a><\/li>\n<li><a title=\"El documento PDF se abrir\u00e1 en nueva ventana\" href=\"http:\/\/www.sanguesa.es\/wp-content\/uploads\/2012\/09\/Acta_Pleno_30_agosto_2011.pdf\" class=\"mtli_attachment mtli_pdf\" target=\"_blank\" rel=\"noopener\">ACTA DE 30 DE AGOSTO DE 2011 (TAMA\u00d1O 632 KB)<\/a><\/li>\n<li><a title=\"El documento PDF se abrir\u00e1 en nueva ventana\" href=\"http:\/\/www.sanguesa.es\/wp-content\/uploads\/2012\/09\/Sesion-extraordinaria-15-julio-2011.pdf\" class=\"mtli_attachment mtli_pdf\" target=\"_blank\" rel=\"noopener\">ACTA DE 15 DE JULIO DE 2011 (TAMA\u00d1O 153 KB)<\/a><\/li>\n<li><a title=\"El documento PDF se abrir\u00e1 en nueva ventana\" href=\"http:\/\/www.sanguesa.es\/wp-content\/uploads\/2012\/09\/ACTA-SESION-EXTRAORDINARIA-21-JUNIO-2011.pdf\" class=\"mtli_attachment mtli_pdf\" target=\"_blank\" rel=\"noopener\">ACTA DE 21 DE JUNIO DE 2011 (TAMA\u00d1O 153 KB)<\/a><\/li>\n<li><a title=\"El documento PDF se abrir\u00e1 en nueva ventana\" href=\"http:\/\/www.sanguesa.es\/wp-content\/uploads\/2012\/09\/20110611-SESION-CONSTITUTIVA.pdf\" class=\"mtli_attachment mtli_pdf\" target=\"_blank\" rel=\"noopener\">ACTA DE LA SESI\u00d3N CONSTITUTIVA DE LA NUEVA CORPORACI\u00d3N DEL 11 DE JUNIO DE 2011 (TAMA\u00d1O 153 KB)<\/a><\/li>\n<li><a title=\"El documento PDF se abrir\u00e1 en nueva ventana\" href=\"http:\/\/www.sanguesa.es\/wp-content\/uploads\/2012\/09\/SESION-EXTRAORDINARIA-10-JUNIO-20111.pdf\" class=\"mtli_attachment mtli_pdf\" target=\"_blank\" rel=\"noopener\">ACTA DE 10 DE JUNIO DE 2011 (TAMA\u00d1O 153 KB)<\/a><\/li>\n<li><a title=\"El documento PDF se abrir\u00e1 en nueva ventana\" href=\"http:\/\/www.sanguesa.es\/wp-content\/uploads\/2012\/09\/PLENO-ORDINARIO-26-abril-2011.pdf\" class=\"mtli_attachment mtli_pdf\" target=\"_blank\" rel=\"noopener\">ACTA DE 26 DE ABRIL DE 2011 (TAMA\u00d1O 153 KB)<\/a><\/li>\n<li><a title=\"El documento PDF se abrir\u00e1 en nueva ventana\" href=\"http:\/\/www.sanguesa.es\/wp-content\/uploads\/2012\/09\/PLENO-ORDINARIO-22-FEBRERO-2011.pdf\" class=\"mtli_attachment mtli_pdf\" target=\"_blank\" rel=\"noopener\">ACTA DE 22 DE FEBRERO DE 2011 (TAMA\u00d1O 153 KB)<\/a><\/li>\n<\/ul>\n","protected":false},"excerpt":{"rendered":"<p>&nbsp; ACTA 27 DE DICIEMBRE DE 2011 (TAMA\u00d1O 708 KB) ACTA DE 29 DE NOVIEMBRE DE 2011 (TAMA\u00d1O 812 KB) ACTA DE 25 DE OCTUBRE DE 2011 (TAMA\u00d1O 581 KB) ACTA DE 30 DE AGOSTO DE 2011 (TAMA\u00d1O 632 KB) ACTA DE 15 DE JULIO DE 2011 (TAMA\u00d1O 153 KB) ACTA DE 21 DE JUNIO [&hellip;]<\/p>\n","protected":false},"author":1,"featured_media":0,"parent":31495,"menu_order":33,"comment_status":"closed","ping_status":"closed","template":"","meta":{"_exactmetrics_skip_tracking":false,"_exactmetrics_sitenote_active":false,"_exactmetrics_sitenote_note":"","_exactmetrics_sitenote_category":0,"footnotes":""},"class_list":["post-31858","page","type-page","status-publish","hentry"],"yoast_head":"<!-- This site is optimized with the Yoast SEO plugin v22.3 - https:\/\/yoast.com\/wordpress\/plugins\/seo\/ -->\r\n<title>2011ko Aktak - Ayuntamiento Sang\u00fcesa \/ Zangozako Udala<\/title>\r\n<meta name=\"robots\" content=\"index, follow, max-snippet:-1, max-image-preview:large, max-video-preview:-1\" \/>\r\n<link rel=\"canonical\" href=\"https:\/\/www.sanguesa.es\/eu\/udala\/udal-aktak\/2011ko-aktak\/\" \/>\r\n<meta property=\"og:locale\" content=\"eu_ES\" \/>\r\n<meta property=\"og:type\" content=\"article\" \/>\r\n<meta property=\"og:title\" content=\"2011ko Aktak - Ayuntamiento Sang\u00fcesa \/ Zangozako Udala\" \/>\r\n<meta property=\"og:description\" content=\"&nbsp; ACTA 27 DE DICIEMBRE DE 2011 (TAMA\u00d1O 708 KB) ACTA DE 29 DE NOVIEMBRE DE 2011 (TAMA\u00d1O 812 KB) ACTA DE 25 DE OCTUBRE DE 2011 (TAMA\u00d1O 581 KB) ACTA DE 30 DE AGOSTO DE 2011 (TAMA\u00d1O 632 KB) ACTA DE 15 DE JULIO DE 2011 (TAMA\u00d1O 153 KB) ACTA DE 21 DE JUNIO [&hellip;]\" \/>\r\n<meta property=\"og:url\" content=\"https:\/\/www.sanguesa.es\/eu\/udala\/udal-aktak\/2011ko-aktak\/\" \/>\r\n<meta property=\"og:site_name\" content=\"Ayuntamiento Sang\u00fcesa \/ Zangozako Udala\" \/>\r\n<meta name=\"twitter:card\" content=\"summary_large_image\" \/>\r\n<script type=\"application\/ld+json\" class=\"yoast-schema-graph\">{\"@context\":\"https:\/\/schema.org\",\"@graph\":[{\"@type\":\"WebPage\",\"@id\":\"https:\/\/www.sanguesa.es\/eu\/udala\/udal-aktak\/2011ko-aktak\/\",\"url\":\"https:\/\/www.sanguesa.es\/eu\/udala\/udal-aktak\/2011ko-aktak\/\",\"name\":\"2011ko Aktak - Ayuntamiento Sang\u00fcesa \/ Zangozako Udala\",\"isPartOf\":{\"@id\":\"https:\/\/www.sanguesa.es\/#website\"},\"datePublished\":\"2012-09-24T07:11:33+00:00\",\"dateModified\":\"2012-09-24T07:11:33+00:00\",\"breadcrumb\":{\"@id\":\"https:\/\/www.sanguesa.es\/eu\/udala\/udal-aktak\/2011ko-aktak\/#breadcrumb\"},\"inLanguage\":\"eu-ES\",\"potentialAction\":[{\"@type\":\"ReadAction\",\"target\":[\"https:\/\/www.sanguesa.es\/eu\/udala\/udal-aktak\/2011ko-aktak\/\"]}]},{\"@type\":\"BreadcrumbList\",\"@id\":\"https:\/\/www.sanguesa.es\/eu\/udala\/udal-aktak\/2011ko-aktak\/#breadcrumb\",\"itemListElement\":[{\"@type\":\"ListItem\",\"position\":1,\"name\":\"Portada\",\"item\":\"https:\/\/www.sanguesa.es\/\"},{\"@type\":\"ListItem\",\"position\":2,\"name\":\"Udala\",\"item\":\"https:\/\/www.sanguesa.es\/eu\/udala\/\"},{\"@type\":\"ListItem\",\"position\":3,\"name\":\"Udal Aktak\",\"item\":\"https:\/\/www.sanguesa.es\/eu\/udala\/udal-aktak\/\"},{\"@type\":\"ListItem\",\"position\":4,\"name\":\"2011ko Aktak\"}]},{\"@type\":\"WebSite\",\"@id\":\"https:\/\/www.sanguesa.es\/#website\",\"url\":\"https:\/\/www.sanguesa.es\/\",\"name\":\"Ayuntamiento Sang\u00fcesa \/ Zangozako Udala\",\"description\":\"Sitio web del Ayuntamiento Sang\u00fcesa \/ Zangozako Udala\",\"potentialAction\":[{\"@type\":\"SearchAction\",\"target\":{\"@type\":\"EntryPoint\",\"urlTemplate\":\"https:\/\/www.sanguesa.es\/?s={search_term_string}\"},\"query-input\":\"required name=search_term_string\"}],\"inLanguage\":\"eu-ES\"}]}<\/script>\r\n<!-- \/ Yoast SEO plugin. -->","yoast_head_json":{"title":"2011ko Aktak - Ayuntamiento Sang\u00fcesa \/ Zangozako Udala","robots":{"index":"index","follow":"follow","max-snippet":"max-snippet:-1","max-image-preview":"max-image-preview:large","max-video-preview":"max-video-preview:-1"},"canonical":"https:\/\/www.sanguesa.es\/eu\/udala\/udal-aktak\/2011ko-aktak\/","og_locale":"eu_ES","og_type":"article","og_title":"2011ko Aktak - Ayuntamiento Sang\u00fcesa \/ Zangozako Udala","og_description":"&nbsp; ACTA 27 DE DICIEMBRE DE 2011 (TAMA\u00d1O 708 KB) ACTA DE 29 DE NOVIEMBRE DE 2011 (TAMA\u00d1O 812 KB) ACTA DE 25 DE OCTUBRE DE 2011 (TAMA\u00d1O 581 KB) ACTA DE 30 DE AGOSTO DE 2011 (TAMA\u00d1O 632 KB) ACTA DE 15 DE JULIO DE 2011 (TAMA\u00d1O 153 KB) ACTA DE 21 DE JUNIO [&hellip;]","og_url":"https:\/\/www.sanguesa.es\/eu\/udala\/udal-aktak\/2011ko-aktak\/","og_site_name":"Ayuntamiento Sang\u00fcesa \/ Zangozako Udala","twitter_card":"summary_large_image","schema":{"@context":"https:\/\/schema.org","@graph":[{"@type":"WebPage","@id":"https:\/\/www.sanguesa.es\/eu\/udala\/udal-aktak\/2011ko-aktak\/","url":"https:\/\/www.sanguesa.es\/eu\/udala\/udal-aktak\/2011ko-aktak\/","name":"2011ko Aktak - Ayuntamiento Sang\u00fcesa \/ Zangozako Udala","isPartOf":{"@id":"https:\/\/www.sanguesa.es\/#website"},"datePublished":"2012-09-24T07:11:33+00:00","dateModified":"2012-09-24T07:11:33+00:00","breadcrumb":{"@id":"https:\/\/www.sanguesa.es\/eu\/udala\/udal-aktak\/2011ko-aktak\/#breadcrumb"},"inLanguage":"eu-ES","potentialAction":[{"@type":"ReadAction","target":["https:\/\/www.sanguesa.es\/eu\/udala\/udal-aktak\/2011ko-aktak\/"]}]},{"@type":"BreadcrumbList","@id":"https:\/\/www.sanguesa.es\/eu\/udala\/udal-aktak\/2011ko-aktak\/#breadcrumb","itemListElement":[{"@type":"ListItem","position":1,"name":"Portada","item":"https:\/\/www.sanguesa.es\/"},{"@type":"ListItem","position":2,"name":"Udala","item":"https:\/\/www.sanguesa.es\/eu\/udala\/"},{"@type":"ListItem","position":3,"name":"Udal Aktak","item":"https:\/\/www.sanguesa.es\/eu\/udala\/udal-aktak\/"},{"@type":"ListItem","position":4,"name":"2011ko Aktak"}]},{"@type":"WebSite","@id":"https:\/\/www.sanguesa.es\/#website","url":"https:\/\/www.sanguesa.es\/","name":"Ayuntamiento Sang\u00fcesa \/ Zangozako Udala","description":"Sitio web del Ayuntamiento Sang\u00fcesa \/ Zangozako Udala","potentialAction":[{"@type":"SearchAction","target":{"@type":"EntryPoint","urlTemplate":"https:\/\/www.sanguesa.es\/?s={search_term_string}"},"query-input":"required name=search_term_string"}],"inLanguage":"eu-ES"}]}},"_links":{"self":[{"href":"https:\/\/www.sanguesa.es\/eu\/wp-json\/wp\/v2\/pages\/31858"}],"collection":[{"href":"https:\/\/www.sanguesa.es\/eu\/wp-json\/wp\/v2\/pages"}],"about":[{"href":"https:\/\/www.sanguesa.es\/eu\/wp-json\/wp\/v2\/types\/page"}],"author":[{"embeddable":true,"href":"https:\/\/www.sanguesa.es\/eu\/wp-json\/wp\/v2\/users\/1"}],"replies":[{"embeddable":true,"href":"https:\/\/www.sanguesa.es\/eu\/wp-json\/wp\/v2\/comments?post=31858"}],"version-history":[{"count":0,"href":"https:\/\/www.sanguesa.es\/eu\/wp-json\/wp\/v2\/pages\/31858\/revisions"}],"up":[{"embeddable":true,"href":"https:\/\/www.sanguesa.es\/eu\/wp-json\/wp\/v2\/pages\/31495"}],"wp:attachment":[{"href":"https:\/\/www.sanguesa.es\/eu\/wp-json\/wp\/v2\/media?parent=31858"}],"curies":[{"name":"wp","href":"https:\/\/api.w.org\/{rel}","templated":true}]}}