{"id":47272,"date":"2020-07-27T13:26:19","date_gmt":"2020-07-27T11:26:19","guid":{"rendered":"http:\/\/www.sanguesa.es\/udala\/yesa\/"},"modified":"2022-05-31T12:39:04","modified_gmt":"2022-05-31T12:39:04","slug":"yesa","status":"publish","type":"page","link":"https:\/\/www.sanguesa.es\/eu\/udala\/yesa\/","title":{"rendered":"Yesa"},"content":{"rendered":"<p><a href=\"http:\/\/www.sanguesa.es\/wp-content\/uploads\/2020\/07\/Analisis-del-Estudio-de-estabilidad-y-evaluacion-de-la-seguridad-de-la-Ladera-derecha-del-embalse-de-Yesa-y-discusion-de-sus-conclusiones.-2020-1.pdf\" class=\"mtli_attachment mtli_pdf\">An\u00e1lisis del Estudio de estabilidad y evaluaci\u00f3n de la seguridad de la Ladera derecha del embalse de Yesa y discusi\u00f3n de sus conclusiones. 2020<\/a><\/p>\n<p><a href=\"http:\/\/www.sanguesa.es\/wp-content\/uploads\/2020\/07\/Resumen-Ingeotyc-YESA-2020-1.pdf\" class=\"mtli_attachment mtli_pdf\">Resumen Ingeotyc YESA 2020<\/a><\/p>\n","protected":false},"excerpt":{"rendered":"<p>An\u00e1lisis del Estudio de estabilidad y evaluaci\u00f3n de la seguridad de la Ladera derecha del embalse de Yesa y discusi\u00f3n de sus conclusiones. 2020 Resumen Ingeotyc YESA 2020<\/p>\n","protected":false},"author":1,"featured_media":0,"parent":31403,"menu_order":1,"comment_status":"closed","ping_status":"closed","template":"","meta":{"_exactmetrics_skip_tracking":false,"_exactmetrics_sitenote_active":false,"_exactmetrics_sitenote_note":"","_exactmetrics_sitenote_category":0,"footnotes":""},"class_list":["post-47272","page","type-page","status-publish","hentry"],"yoast_head":"<!-- This site is optimized with the Yoast SEO plugin v22.3 - https:\/\/yoast.com\/wordpress\/plugins\/seo\/ -->\r\n<title>Yesa - Ayuntamiento Sang\u00fcesa \/ Zangozako Udala<\/title>\r\n<meta name=\"robots\" content=\"index, follow, max-snippet:-1, max-image-preview:large, max-video-preview:-1\" \/>\r\n<link rel=\"canonical\" href=\"https:\/\/www.sanguesa.es\/eu\/udala\/yesa\/\" \/>\r\n<meta property=\"og:locale\" content=\"eu_ES\" \/>\r\n<meta property=\"og:type\" content=\"article\" \/>\r\n<meta property=\"og:title\" content=\"Yesa - Ayuntamiento Sang\u00fcesa \/ Zangozako Udala\" \/>\r\n<meta property=\"og:description\" content=\"An\u00e1lisis del Estudio de estabilidad y evaluaci\u00f3n de la seguridad de la Ladera derecha del embalse de Yesa y discusi\u00f3n de sus conclusiones. 2020 Resumen Ingeotyc YESA 2020\" \/>\r\n<meta property=\"og:url\" content=\"https:\/\/www.sanguesa.es\/eu\/udala\/yesa\/\" \/>\r\n<meta property=\"og:site_name\" content=\"Ayuntamiento Sang\u00fcesa \/ Zangozako Udala\" \/>\r\n<meta property=\"article:modified_time\" content=\"2022-05-31T12:39:04+00:00\" \/>\r\n<meta name=\"twitter:card\" content=\"summary_large_image\" \/>\r\n<script type=\"application\/ld+json\" class=\"yoast-schema-graph\">{\"@context\":\"https:\/\/schema.org\",\"@graph\":[{\"@type\":\"WebPage\",\"@id\":\"https:\/\/www.sanguesa.es\/eu\/udala\/yesa\/\",\"url\":\"https:\/\/www.sanguesa.es\/eu\/udala\/yesa\/\",\"name\":\"Yesa - Ayuntamiento Sang\u00fcesa \/ Zangozako Udala\",\"isPartOf\":{\"@id\":\"https:\/\/www.sanguesa.es\/#website\"},\"datePublished\":\"2020-07-27T11:26:19+00:00\",\"dateModified\":\"2022-05-31T12:39:04+00:00\",\"breadcrumb\":{\"@id\":\"https:\/\/www.sanguesa.es\/eu\/udala\/yesa\/#breadcrumb\"},\"inLanguage\":\"eu-ES\",\"potentialAction\":[{\"@type\":\"ReadAction\",\"target\":[\"https:\/\/www.sanguesa.es\/eu\/udala\/yesa\/\"]}]},{\"@type\":\"BreadcrumbList\",\"@id\":\"https:\/\/www.sanguesa.es\/eu\/udala\/yesa\/#breadcrumb\",\"itemListElement\":[{\"@type\":\"ListItem\",\"position\":1,\"name\":\"Portada\",\"item\":\"https:\/\/www.sanguesa.es\/\"},{\"@type\":\"ListItem\",\"position\":2,\"name\":\"Udala\",\"item\":\"https:\/\/www.sanguesa.es\/eu\/udala\/\"},{\"@type\":\"ListItem\",\"position\":3,\"name\":\"Yesa\"}]},{\"@type\":\"WebSite\",\"@id\":\"https:\/\/www.sanguesa.es\/#website\",\"url\":\"https:\/\/www.sanguesa.es\/\",\"name\":\"Ayuntamiento Sang\u00fcesa \/ Zangozako Udala\",\"description\":\"Sitio web del Ayuntamiento Sang\u00fcesa \/ Zangozako Udala\",\"potentialAction\":[{\"@type\":\"SearchAction\",\"target\":{\"@type\":\"EntryPoint\",\"urlTemplate\":\"https:\/\/www.sanguesa.es\/?s={search_term_string}\"},\"query-input\":\"required name=search_term_string\"}],\"inLanguage\":\"eu-ES\"}]}<\/script>\r\n<!-- \/ Yoast SEO plugin. -->","yoast_head_json":{"title":"Yesa - Ayuntamiento Sang\u00fcesa \/ Zangozako Udala","robots":{"index":"index","follow":"follow","max-snippet":"max-snippet:-1","max-image-preview":"max-image-preview:large","max-video-preview":"max-video-preview:-1"},"canonical":"https:\/\/www.sanguesa.es\/eu\/udala\/yesa\/","og_locale":"eu_ES","og_type":"article","og_title":"Yesa - Ayuntamiento Sang\u00fcesa \/ Zangozako Udala","og_description":"An\u00e1lisis del Estudio de estabilidad y evaluaci\u00f3n de la seguridad de la Ladera derecha del embalse de Yesa y discusi\u00f3n de sus conclusiones. 2020 Resumen Ingeotyc YESA 2020","og_url":"https:\/\/www.sanguesa.es\/eu\/udala\/yesa\/","og_site_name":"Ayuntamiento Sang\u00fcesa \/ Zangozako Udala","article_modified_time":"2022-05-31T12:39:04+00:00","twitter_card":"summary_large_image","schema":{"@context":"https:\/\/schema.org","@graph":[{"@type":"WebPage","@id":"https:\/\/www.sanguesa.es\/eu\/udala\/yesa\/","url":"https:\/\/www.sanguesa.es\/eu\/udala\/yesa\/","name":"Yesa - Ayuntamiento Sang\u00fcesa \/ Zangozako Udala","isPartOf":{"@id":"https:\/\/www.sanguesa.es\/#website"},"datePublished":"2020-07-27T11:26:19+00:00","dateModified":"2022-05-31T12:39:04+00:00","breadcrumb":{"@id":"https:\/\/www.sanguesa.es\/eu\/udala\/yesa\/#breadcrumb"},"inLanguage":"eu-ES","potentialAction":[{"@type":"ReadAction","target":["https:\/\/www.sanguesa.es\/eu\/udala\/yesa\/"]}]},{"@type":"BreadcrumbList","@id":"https:\/\/www.sanguesa.es\/eu\/udala\/yesa\/#breadcrumb","itemListElement":[{"@type":"ListItem","position":1,"name":"Portada","item":"https:\/\/www.sanguesa.es\/"},{"@type":"ListItem","position":2,"name":"Udala","item":"https:\/\/www.sanguesa.es\/eu\/udala\/"},{"@type":"ListItem","position":3,"name":"Yesa"}]},{"@type":"WebSite","@id":"https:\/\/www.sanguesa.es\/#website","url":"https:\/\/www.sanguesa.es\/","name":"Ayuntamiento Sang\u00fcesa \/ Zangozako Udala","description":"Sitio web del Ayuntamiento Sang\u00fcesa \/ Zangozako Udala","potentialAction":[{"@type":"SearchAction","target":{"@type":"EntryPoint","urlTemplate":"https:\/\/www.sanguesa.es\/?s={search_term_string}"},"query-input":"required name=search_term_string"}],"inLanguage":"eu-ES"}]}},"_links":{"self":[{"href":"https:\/\/www.sanguesa.es\/eu\/wp-json\/wp\/v2\/pages\/47272"}],"collection":[{"href":"https:\/\/www.sanguesa.es\/eu\/wp-json\/wp\/v2\/pages"}],"about":[{"href":"https:\/\/www.sanguesa.es\/eu\/wp-json\/wp\/v2\/types\/page"}],"author":[{"embeddable":true,"href":"https:\/\/www.sanguesa.es\/eu\/wp-json\/wp\/v2\/users\/1"}],"replies":[{"embeddable":true,"href":"https:\/\/www.sanguesa.es\/eu\/wp-json\/wp\/v2\/comments?post=47272"}],"version-history":[{"count":1,"href":"https:\/\/www.sanguesa.es\/eu\/wp-json\/wp\/v2\/pages\/47272\/revisions"}],"predecessor-version":[{"id":47273,"href":"https:\/\/www.sanguesa.es\/eu\/wp-json\/wp\/v2\/pages\/47272\/revisions\/47273"}],"up":[{"embeddable":true,"href":"https:\/\/www.sanguesa.es\/eu\/wp-json\/wp\/v2\/pages\/31403"}],"wp:attachment":[{"href":"https:\/\/www.sanguesa.es\/eu\/wp-json\/wp\/v2\/media?parent=47272"}],"curies":[{"name":"wp","href":"https:\/\/api.w.org\/{rel}","templated":true}]}}