{"id":47283,"date":"2020-04-22T10:03:18","date_gmt":"2020-04-22T08:03:18","guid":{"rendered":"http:\/\/www.sanguesa.es\/escuela-de-musica\/"},"modified":"2022-05-31T17:55:32","modified_gmt":"2022-05-31T17:55:32","slug":"musika-eskola","status":"publish","type":"page","link":"https:\/\/www.sanguesa.es\/eu\/musika-eskola\/","title":{"rendered":"Musika Eskola"},"content":{"rendered":"<p>La escuela de m\u00fasica &#8220;Juan Franc\u00e9s de Iribarren &#8221; es un proyecto educativo centrado en la educaci\u00f3n musical en el que tiene cabida cualquier persona de cualquier edad. Un proyecto con una larga trayectoria en el que nos cuestionamos todo aquello que esta relacionado con el aprendizaje musical y con el crecimiento personal a trav\u00e9s de las experiencias que se viven en el centro y en su contexto.<\/p>\n<p><img loading=\"lazy\" decoding=\"async\" class=\"alignnone wp-image-23412\" src=\"http:\/\/www.sanguesa.es\/wp-content\/uploads\/2021\/03\/logo-gobierno-navarra.jpg\" alt=\"\" width=\"126\" height=\"44\" \/><img loading=\"lazy\" decoding=\"async\" class=\"wp-image-23494 alignright\" src=\"http:\/\/www.sanguesa.es\/wp-content\/uploads\/2021\/03\/ESCUELA-300x245.png\" alt=\"\" width=\"55\" height=\"45\" srcset=\"https:\/\/www.sanguesa.es\/wp-content\/uploads\/2021\/03\/ESCUELA-300x245.png 300w, https:\/\/www.sanguesa.es\/wp-content\/uploads\/2021\/03\/ESCUELA-768x627.png 768w, https:\/\/www.sanguesa.es\/wp-content\/uploads\/2021\/03\/ESCUELA-1024x835.png 1024w, https:\/\/www.sanguesa.es\/wp-content\/uploads\/2021\/03\/ESCUELA-600x489.png 600w, https:\/\/www.sanguesa.es\/wp-content\/uploads\/2021\/03\/ESCUELA-177x142.png 177w, https:\/\/www.sanguesa.es\/wp-content\/uploads\/2021\/03\/ESCUELA-147x118.png 147w, https:\/\/www.sanguesa.es\/wp-content\/uploads\/2021\/03\/ESCUELA.png 1900w\" sizes=\"(max-width: 55px) 100vw, 55px\" \/><\/p>\n<p><img loading=\"lazy\" decoding=\"async\" class=\"wp-image-23492 alignleft\" src=\"http:\/\/www.sanguesa.es\/wp-content\/uploads\/2021\/03\/Matricula-300x113.png\" alt=\"\" width=\"210\" height=\"79\" srcset=\"https:\/\/www.sanguesa.es\/wp-content\/uploads\/2021\/03\/Matricula-300x113.png 300w, https:\/\/www.sanguesa.es\/wp-content\/uploads\/2021\/03\/Matricula-600x226.png 600w, https:\/\/www.sanguesa.es\/wp-content\/uploads\/2021\/03\/Matricula-669x254.png 669w, https:\/\/www.sanguesa.es\/wp-content\/uploads\/2021\/03\/Matricula.png 673w\" sizes=\"(max-width: 210px) 100vw, 210px\" \/><\/p>\n<p>&nbsp;<\/p>\n<p><a href=\"http:\/\/www.sanguesa.es\/escuela-de-musica\/matricula-escuela-de-musica-curso-2022-2023\/\">http:\/\/www.sanguesa.es\/escuela-de-musica\/matricula-escuela-de-musica-curso-2022-2023\/<\/a><\/p>\n<p>&nbsp;<\/p>\n<p><a href=\"http:\/\/www.sanguesa.es\/wp-content\/uploads\/2022\/03\/Calendario-Escolar-2021-2022.pdf\" class=\"mtli_attachment mtli_pdf\">Calendario Escolar 2021-2022<\/a><\/p>\n","protected":false},"excerpt":{"rendered":"<p>La escuela de m\u00fasica &#8220;Juan Franc\u00e9s de Iribarren &#8221; es un proyecto educativo centrado en la educaci\u00f3n musical en el que tiene cabida cualquier persona de cualquier edad. Un proyecto con una larga trayectoria en el que nos cuestionamos todo aquello que esta relacionado con el aprendizaje musical y con el crecimiento personal a trav\u00e9s [&hellip;]<\/p>\n","protected":false},"author":1,"featured_media":0,"parent":0,"menu_order":64,"comment_status":"closed","ping_status":"closed","template":"","meta":{"_exactmetrics_skip_tracking":false,"_exactmetrics_sitenote_active":false,"_exactmetrics_sitenote_note":"","_exactmetrics_sitenote_category":0,"footnotes":""},"class_list":["post-47283","page","type-page","status-publish","hentry"],"yoast_head":"<!-- This site is optimized with the Yoast SEO plugin v22.3 - https:\/\/yoast.com\/wordpress\/plugins\/seo\/ -->\r\n<title>Musika Eskola - Ayuntamiento Sang\u00fcesa \/ Zangozako Udala<\/title>\r\n<meta name=\"robots\" content=\"index, follow, max-snippet:-1, max-image-preview:large, max-video-preview:-1\" \/>\r\n<link rel=\"canonical\" href=\"https:\/\/www.sanguesa.es\/eu\/musika-eskola\/\" \/>\r\n<meta property=\"og:locale\" content=\"eu_ES\" \/>\r\n<meta property=\"og:type\" content=\"article\" \/>\r\n<meta property=\"og:title\" content=\"Musika Eskola - Ayuntamiento Sang\u00fcesa \/ Zangozako Udala\" \/>\r\n<meta property=\"og:description\" content=\"La escuela de m\u00fasica &#8220;Juan Franc\u00e9s de Iribarren &#8221; es un proyecto educativo centrado en la educaci\u00f3n musical en el que tiene cabida cualquier persona de cualquier edad. Un proyecto con una larga trayectoria en el que nos cuestionamos todo aquello que esta relacionado con el aprendizaje musical y con el crecimiento personal a trav\u00e9s [&hellip;]\" \/>\r\n<meta property=\"og:url\" content=\"https:\/\/www.sanguesa.es\/eu\/musika-eskola\/\" \/>\r\n<meta property=\"og:site_name\" content=\"Ayuntamiento Sang\u00fcesa \/ Zangozako Udala\" \/>\r\n<meta property=\"article:modified_time\" content=\"2022-05-31T17:55:32+00:00\" \/>\r\n<meta property=\"og:image\" content=\"http:\/\/www.sanguesa.es\/wp-content\/uploads\/2021\/03\/logo-gobierno-navarra.jpg\" \/>\r\n<meta name=\"twitter:card\" content=\"summary_large_image\" \/>\r\n<script type=\"application\/ld+json\" class=\"yoast-schema-graph\">{\"@context\":\"https:\/\/schema.org\",\"@graph\":[{\"@type\":\"WebPage\",\"@id\":\"https:\/\/www.sanguesa.es\/eu\/musika-eskola\/\",\"url\":\"https:\/\/www.sanguesa.es\/eu\/musika-eskola\/\",\"name\":\"Musika Eskola - Ayuntamiento Sang\u00fcesa \/ Zangozako Udala\",\"isPartOf\":{\"@id\":\"https:\/\/www.sanguesa.es\/#website\"},\"primaryImageOfPage\":{\"@id\":\"https:\/\/www.sanguesa.es\/eu\/musika-eskola\/#primaryimage\"},\"image\":{\"@id\":\"https:\/\/www.sanguesa.es\/eu\/musika-eskola\/#primaryimage\"},\"thumbnailUrl\":\"http:\/\/www.sanguesa.es\/wp-content\/uploads\/2021\/03\/logo-gobierno-navarra.jpg\",\"datePublished\":\"2020-04-22T08:03:18+00:00\",\"dateModified\":\"2022-05-31T17:55:32+00:00\",\"breadcrumb\":{\"@id\":\"https:\/\/www.sanguesa.es\/eu\/musika-eskola\/#breadcrumb\"},\"inLanguage\":\"eu-ES\",\"potentialAction\":[{\"@type\":\"ReadAction\",\"target\":[\"https:\/\/www.sanguesa.es\/eu\/musika-eskola\/\"]}]},{\"@type\":\"ImageObject\",\"inLanguage\":\"eu-ES\",\"@id\":\"https:\/\/www.sanguesa.es\/eu\/musika-eskola\/#primaryimage\",\"url\":\"http:\/\/www.sanguesa.es\/wp-content\/uploads\/2021\/03\/logo-gobierno-navarra.jpg\",\"contentUrl\":\"http:\/\/www.sanguesa.es\/wp-content\/uploads\/2021\/03\/logo-gobierno-navarra.jpg\"},{\"@type\":\"BreadcrumbList\",\"@id\":\"https:\/\/www.sanguesa.es\/eu\/musika-eskola\/#breadcrumb\",\"itemListElement\":[{\"@type\":\"ListItem\",\"position\":1,\"name\":\"Portada\",\"item\":\"https:\/\/www.sanguesa.es\/\"},{\"@type\":\"ListItem\",\"position\":2,\"name\":\"Musika Eskola\"}]},{\"@type\":\"WebSite\",\"@id\":\"https:\/\/www.sanguesa.es\/#website\",\"url\":\"https:\/\/www.sanguesa.es\/\",\"name\":\"Ayuntamiento Sang\u00fcesa \/ Zangozako Udala\",\"description\":\"Sitio web del Ayuntamiento Sang\u00fcesa \/ Zangozako Udala\",\"potentialAction\":[{\"@type\":\"SearchAction\",\"target\":{\"@type\":\"EntryPoint\",\"urlTemplate\":\"https:\/\/www.sanguesa.es\/?s={search_term_string}\"},\"query-input\":\"required name=search_term_string\"}],\"inLanguage\":\"eu-ES\"}]}<\/script>\r\n<!-- \/ Yoast SEO plugin. -->","yoast_head_json":{"title":"Musika Eskola - Ayuntamiento Sang\u00fcesa \/ Zangozako Udala","robots":{"index":"index","follow":"follow","max-snippet":"max-snippet:-1","max-image-preview":"max-image-preview:large","max-video-preview":"max-video-preview:-1"},"canonical":"https:\/\/www.sanguesa.es\/eu\/musika-eskola\/","og_locale":"eu_ES","og_type":"article","og_title":"Musika Eskola - Ayuntamiento Sang\u00fcesa \/ Zangozako Udala","og_description":"La escuela de m\u00fasica &#8220;Juan Franc\u00e9s de Iribarren &#8221; es un proyecto educativo centrado en la educaci\u00f3n musical en el que tiene cabida cualquier persona de cualquier edad. Un proyecto con una larga trayectoria en el que nos cuestionamos todo aquello que esta relacionado con el aprendizaje musical y con el crecimiento personal a trav\u00e9s [&hellip;]","og_url":"https:\/\/www.sanguesa.es\/eu\/musika-eskola\/","og_site_name":"Ayuntamiento Sang\u00fcesa \/ Zangozako Udala","article_modified_time":"2022-05-31T17:55:32+00:00","og_image":[{"url":"http:\/\/www.sanguesa.es\/wp-content\/uploads\/2021\/03\/logo-gobierno-navarra.jpg"}],"twitter_card":"summary_large_image","schema":{"@context":"https:\/\/schema.org","@graph":[{"@type":"WebPage","@id":"https:\/\/www.sanguesa.es\/eu\/musika-eskola\/","url":"https:\/\/www.sanguesa.es\/eu\/musika-eskola\/","name":"Musika Eskola - Ayuntamiento Sang\u00fcesa \/ Zangozako Udala","isPartOf":{"@id":"https:\/\/www.sanguesa.es\/#website"},"primaryImageOfPage":{"@id":"https:\/\/www.sanguesa.es\/eu\/musika-eskola\/#primaryimage"},"image":{"@id":"https:\/\/www.sanguesa.es\/eu\/musika-eskola\/#primaryimage"},"thumbnailUrl":"http:\/\/www.sanguesa.es\/wp-content\/uploads\/2021\/03\/logo-gobierno-navarra.jpg","datePublished":"2020-04-22T08:03:18+00:00","dateModified":"2022-05-31T17:55:32+00:00","breadcrumb":{"@id":"https:\/\/www.sanguesa.es\/eu\/musika-eskola\/#breadcrumb"},"inLanguage":"eu-ES","potentialAction":[{"@type":"ReadAction","target":["https:\/\/www.sanguesa.es\/eu\/musika-eskola\/"]}]},{"@type":"ImageObject","inLanguage":"eu-ES","@id":"https:\/\/www.sanguesa.es\/eu\/musika-eskola\/#primaryimage","url":"http:\/\/www.sanguesa.es\/wp-content\/uploads\/2021\/03\/logo-gobierno-navarra.jpg","contentUrl":"http:\/\/www.sanguesa.es\/wp-content\/uploads\/2021\/03\/logo-gobierno-navarra.jpg"},{"@type":"BreadcrumbList","@id":"https:\/\/www.sanguesa.es\/eu\/musika-eskola\/#breadcrumb","itemListElement":[{"@type":"ListItem","position":1,"name":"Portada","item":"https:\/\/www.sanguesa.es\/"},{"@type":"ListItem","position":2,"name":"Musika Eskola"}]},{"@type":"WebSite","@id":"https:\/\/www.sanguesa.es\/#website","url":"https:\/\/www.sanguesa.es\/","name":"Ayuntamiento Sang\u00fcesa \/ Zangozako Udala","description":"Sitio web del Ayuntamiento Sang\u00fcesa \/ Zangozako Udala","potentialAction":[{"@type":"SearchAction","target":{"@type":"EntryPoint","urlTemplate":"https:\/\/www.sanguesa.es\/?s={search_term_string}"},"query-input":"required name=search_term_string"}],"inLanguage":"eu-ES"}]}},"_links":{"self":[{"href":"https:\/\/www.sanguesa.es\/eu\/wp-json\/wp\/v2\/pages\/47283"}],"collection":[{"href":"https:\/\/www.sanguesa.es\/eu\/wp-json\/wp\/v2\/pages"}],"about":[{"href":"https:\/\/www.sanguesa.es\/eu\/wp-json\/wp\/v2\/types\/page"}],"author":[{"embeddable":true,"href":"https:\/\/www.sanguesa.es\/eu\/wp-json\/wp\/v2\/users\/1"}],"replies":[{"embeddable":true,"href":"https:\/\/www.sanguesa.es\/eu\/wp-json\/wp\/v2\/comments?post=47283"}],"version-history":[{"count":1,"href":"https:\/\/www.sanguesa.es\/eu\/wp-json\/wp\/v2\/pages\/47283\/revisions"}],"predecessor-version":[{"id":47284,"href":"https:\/\/www.sanguesa.es\/eu\/wp-json\/wp\/v2\/pages\/47283\/revisions\/47284"}],"wp:attachment":[{"href":"https:\/\/www.sanguesa.es\/eu\/wp-json\/wp\/v2\/media?parent=47283"}],"curies":[{"name":"wp","href":"https:\/\/api.w.org\/{rel}","templated":true}]}}