{"id":61245,"date":"2024-11-15T08:03:40","date_gmt":"2024-11-15T07:03:40","guid":{"rendered":"https:\/\/www.sanguesa.es\/?page_id=61245"},"modified":"2024-11-18T12:27:42","modified_gmt":"2024-11-18T11:27:42","slug":"herritarren-bozketa-aurrekontu-parte-hartzailearekin-egin-beharreko-proiektuetarako_2024","status":"publish","type":"page","link":"https:\/\/www.sanguesa.es\/eu\/herritarren-bozketa-aurrekontu-parte-hartzailearekin-egin-beharreko-proiektuetarako_2024\/","title":{"rendered":"HERRITARREN BOZKETA AURREKONTU PARTE-HARTZAILEAREKIN EGIN BEHARREKO PROIEKTUETARAKO"},"content":{"rendered":"<div class=\"bloque class-col-xs-12\"><a href=\"#proyectos\" class=\"bloque-tab\">PROIEKTUEN PROPOSAMENA (sakatu hemen xehetasunez ikusteko)<\/a><div class=\"contenido-bloque\" id=\"proyectos\" style=\"display: none;\"><\/p>\n<p><strong><a href=\"https:\/\/www.sanguesa.es\/wp-content\/uploads\/2024\/11\/PROYECTO1.pdf\" class=\"mtli_attachment mtli_pdf\">Proyecto 1: Finalizaci\u00f3n de la renovaci\u00f3n del suelo del local de ensayos<\/a> &#8211; <\/strong>Grupo de Danzas Rocamador \u2013 Rocamador Dantza Taldea<\/p>\n<ul>\n<li>Descripci\u00f3n: Propuesta para la colocaci\u00f3n de suelo laminado en el local de ensayos.<\/li>\n<li>Cuant\u00eda: 2.867,16\u20ac<\/li>\n<\/ul>\n<p><strong><a href=\"https:\/\/www.sanguesa.es\/wp-content\/uploads\/2024\/11\/PROYECTO2.pdf\" class=\"mtli_attachment mtli_pdf\">Proyecto 2: Mejoras para nuestros Residentes<\/a> <\/strong>\u2013 Laura Pejenaute Luzuriaga y Helena Casajus Sola<\/p>\n<ul>\n<li>Descripci\u00f3n: Proyecto para la adquisici\u00f3n de camas homologadas \u201ccota 0\u201d, material para reabrir el gimnasio, mobiliario para el comedor y un toldo para el jard\u00edn.<\/li>\n<li>Cuant\u00eda: 13.776,05\u20ac<\/li>\n<\/ul>\n<p><strong><a href=\"https:\/\/www.sanguesa.es\/wp-content\/uploads\/2024\/11\/PROYECTO3.pdf\" class=\"mtli_attachment mtli_pdf\">Proyecto 3: Equipamiento para becerrada y actividades taurinas<\/a> <\/strong>\u2013 Club taurino de Sang\u00fcesa\/Zangoza<\/p>\n<ul>\n<li>Descripci\u00f3n: Esta propuesta tiene como objetivo dotar de recursos a las cuadrillas que participan en la becerrada durante las Fiestas Patronales, as\u00ed como fomentar actividades taurinas seguras y formativas para los m\u00e1s j\u00f3venes.<\/li>\n<li>Cuant\u00eda: 999,50\u20ac<\/li>\n<\/ul>\n<p><strong><a href=\"https:\/\/www.sanguesa.es\/wp-content\/uploads\/2024\/11\/PROYECTO4.pdf\" class=\"mtli_attachment mtli_pdf\">Proyecto 4: Carretones para encierros y actividades taurinas infantiles<\/a> <\/strong>\u2013 Club taurino de Sang\u00fcesa\/Zangoza<\/p>\n<ul>\n<li>Descripci\u00f3n: Esta propuesta busca fomentar la participaci\u00f3n de los ni\u00f1os de Sang\u00fcesa en actividades taurinas en un entorno controlado y seguro.<\/li>\n<li>Cuant\u00eda: 5.082,00\u20ac<\/li>\n<\/ul>\n<p><strong><a href=\"https:\/\/www.sanguesa.es\/wp-content\/uploads\/2024\/11\/PROYECTO5.pdf\" class=\"mtli_attachment mtli_pdf\">Proyecto 5: Mesas, sillas y ca\u00f1ones de calor<\/a><\/strong> \u2013 Coordinadora juvenil Los Pozancos<\/p>\n<ul>\n<li>Descripci\u00f3n: Este proyecto tiene como objetivo complementar el equipamiento actual de mesas, sillas y ca\u00f1ones de calor del Ayuntamiento para comidas populares y otros actos comunitarios.<\/li>\n<li>Cuant\u00eda: 5.019,37\u20ac<\/li>\n<\/ul>\n<p><strong><a href=\"https:\/\/www.sanguesa.es\/wp-content\/uploads\/2024\/11\/PROYECTO6.pdf\" class=\"mtli_attachment mtli_pdf\">Proyecto 6: Equipamiento Cantolagua<\/a><\/strong>\u2013 Miguel Lozano Iba\u00f1ez<\/p>\n<ul>\n<li>Descripci\u00f3n: Este proyecto tiene como objetivo complementar el equipamiento actual de Cantolagua con la adquisici\u00f3n de 2 mesas de Ping-Pong, y mesas y sillas para el merendero.<\/li>\n<li>Cuant\u00eda: 4.202,56\u20ac<\/li>\n<\/ul>\n<p><a href=\"https:\/\/www.sanguesa.es\/wp-content\/uploads\/2024\/11\/PROYECTO7.pdf\" class=\"mtli_attachment mtli_pdf\"><strong>Proyecto 7: Renovaci\u00f3n de Fuentes<\/strong><\/a> \u2013 APYMA Nora<\/p>\n<ul>\n<li>Descripci\u00f3n: Propuesta para renovar las viejas Fuentes de Patio del Colegio , El Prau, La Galer\u00eda, Los Pozancos\u2026por otras Fuentes m\u00e1s accesibles, sostenibles y funcionales.<\/li>\n<li>Cuant\u00eda: 5.100,00\u20ac<\/li>\n<\/ul>\n<p><\/div><\/div>\n<p><strong>BOZKATZEKO SISTEMA:<\/strong><\/p>\n<p>Botoa emateko prozedura honako hau izango da:<\/p>\n<ul>\n<li class=\"col-md-12 col-xs-12\">Zangozan erroldatuta dauden 18 urtetik gorako pertsonek eman ahal izango dute botoa.<\/li>\n<li class=\"col-md-12 col-xs-12\">Pertsona bakoitzak hiru proiekturi eman diezaieke botoa, lehentasun-ordenaren arabera. Horretarako, garrantzi handiagoa emango zaio interes handiena pizten duenari 3 punturekin eta gutxien pizten duenari puntu batekin.<\/li>\n<li class=\"col-md-12 col-xs-12\">Bozketak udalaren webgunearen bidez egingo dira <strong>2024\/11\/18tik 2024\/11\/24ra<\/strong> bitartean.<\/li>\n<li class=\"col-md-12 col-xs-12\">Aurrez aurreko bozketa azaroaren <strong>26an<\/strong> Kultur Etxean, <strong>12-14:00etan eta 19-21:00etan<\/strong> (NAN, gidabaimena edo pasaportea).<\/li>\n<\/ul>\n<h4 class=\"col-md-12 col-xs-12\" style=\"text-align: center;\">PISUA 3 = 3 PUNTU\/PISUA 2 = 2 PUNTU\/PISUA 1 = PUNTU 1<\/h4>\n<div class='alert alert-danger'>La votaci\u00f3n ha finalizado<\/div>\n","protected":false},"excerpt":{"rendered":"<p>BOZKATZEKO SISTEMA: Botoa emateko prozedura honako hau izango da: Zangozan erroldatuta dauden 18 urtetik gorako pertsonek eman ahal izango dute botoa. Pertsona bakoitzak hiru proiekturi eman diezaieke botoa, lehentasun-ordenaren arabera. Horretarako, garrantzi handiagoa emango zaio interes handiena pizten duenari 3 punturekin eta gutxien pizten duenari puntu batekin. Bozketak udalaren webgunearen bidez egingo dira 2024\/11\/18tik 2024\/11\/24ra [&hellip;]<\/p>\n","protected":false},"author":1,"featured_media":0,"parent":0,"menu_order":15,"comment_status":"closed","ping_status":"closed","template":"","meta":{"_exactmetrics_skip_tracking":false,"_exactmetrics_sitenote_active":false,"_exactmetrics_sitenote_note":"","_exactmetrics_sitenote_category":0,"footnotes":""},"class_list":["post-61245","page","type-page","status-publish","hentry"],"yoast_head":"<!-- This site is optimized with the Yoast SEO plugin v22.3 - https:\/\/yoast.com\/wordpress\/plugins\/seo\/ -->\r\n<title>HERRITARREN BOZKETA AURREKONTU PARTE-HARTZAILEAREKIN EGIN BEHARREKO PROIEKTUETARAKO - Ayuntamiento Sang\u00fcesa \/ Zangozako Udala<\/title>\r\n<meta name=\"robots\" content=\"index, follow, max-snippet:-1, max-image-preview:large, max-video-preview:-1\" \/>\r\n<link rel=\"canonical\" href=\"https:\/\/www.sanguesa.es\/eu\/herritarren-bozketa-aurrekontu-parte-hartzailearekin-egin-beharreko-proiektuetarako_2024\/\" \/>\r\n<meta property=\"og:locale\" content=\"eu_ES\" \/>\r\n<meta property=\"og:type\" content=\"article\" \/>\r\n<meta property=\"og:title\" content=\"HERRITARREN BOZKETA AURREKONTU PARTE-HARTZAILEAREKIN EGIN BEHARREKO PROIEKTUETARAKO - Ayuntamiento Sang\u00fcesa \/ Zangozako Udala\" \/>\r\n<meta property=\"og:description\" content=\"BOZKATZEKO SISTEMA: Botoa emateko prozedura honako hau izango da: Zangozan erroldatuta dauden 18 urtetik gorako pertsonek eman ahal izango dute botoa. Pertsona bakoitzak hiru proiekturi eman diezaieke botoa, lehentasun-ordenaren arabera. Horretarako, garrantzi handiagoa emango zaio interes handiena pizten duenari 3 punturekin eta gutxien pizten duenari puntu batekin. Bozketak udalaren webgunearen bidez egingo dira 2024\/11\/18tik 2024\/11\/24ra [&hellip;]\" \/>\r\n<meta property=\"og:url\" content=\"https:\/\/www.sanguesa.es\/eu\/herritarren-bozketa-aurrekontu-parte-hartzailearekin-egin-beharreko-proiektuetarako_2024\/\" \/>\r\n<meta property=\"og:site_name\" content=\"Ayuntamiento Sang\u00fcesa \/ Zangozako Udala\" \/>\r\n<meta property=\"article:modified_time\" content=\"2024-11-18T11:27:42+00:00\" \/>\r\n<meta name=\"twitter:card\" content=\"summary_large_image\" \/>\r\n<meta name=\"twitter:label1\" content=\"Est. reading time\" \/>\n\t<meta name=\"twitter:data1\" content=\"2 minutes\" \/>\r\n<script type=\"application\/ld+json\" class=\"yoast-schema-graph\">{\"@context\":\"https:\/\/schema.org\",\"@graph\":[{\"@type\":\"WebPage\",\"@id\":\"https:\/\/www.sanguesa.es\/eu\/herritarren-bozketa-aurrekontu-parte-hartzailearekin-egin-beharreko-proiektuetarako_2024\/\",\"url\":\"https:\/\/www.sanguesa.es\/eu\/herritarren-bozketa-aurrekontu-parte-hartzailearekin-egin-beharreko-proiektuetarako_2024\/\",\"name\":\"HERRITARREN BOZKETA AURREKONTU PARTE-HARTZAILEAREKIN EGIN BEHARREKO PROIEKTUETARAKO - Ayuntamiento Sang\u00fcesa \/ Zangozako Udala\",\"isPartOf\":{\"@id\":\"https:\/\/www.sanguesa.es\/#website\"},\"datePublished\":\"2024-11-15T07:03:40+00:00\",\"dateModified\":\"2024-11-18T11:27:42+00:00\",\"breadcrumb\":{\"@id\":\"https:\/\/www.sanguesa.es\/eu\/herritarren-bozketa-aurrekontu-parte-hartzailearekin-egin-beharreko-proiektuetarako_2024\/#breadcrumb\"},\"inLanguage\":\"eu-ES\",\"potentialAction\":[{\"@type\":\"ReadAction\",\"target\":[\"https:\/\/www.sanguesa.es\/eu\/herritarren-bozketa-aurrekontu-parte-hartzailearekin-egin-beharreko-proiektuetarako_2024\/\"]}]},{\"@type\":\"BreadcrumbList\",\"@id\":\"https:\/\/www.sanguesa.es\/eu\/herritarren-bozketa-aurrekontu-parte-hartzailearekin-egin-beharreko-proiektuetarako_2024\/#breadcrumb\",\"itemListElement\":[{\"@type\":\"ListItem\",\"position\":1,\"name\":\"Portada\",\"item\":\"https:\/\/www.sanguesa.es\/\"},{\"@type\":\"ListItem\",\"position\":2,\"name\":\"HERRITARREN BOZKETA AURREKONTU PARTE-HARTZAILEAREKIN EGIN BEHARREKO PROIEKTUETARAKO\"}]},{\"@type\":\"WebSite\",\"@id\":\"https:\/\/www.sanguesa.es\/#website\",\"url\":\"https:\/\/www.sanguesa.es\/\",\"name\":\"Ayuntamiento Sang\u00fcesa \/ Zangozako Udala\",\"description\":\"Sitio web del Ayuntamiento Sang\u00fcesa \/ Zangozako Udala\",\"potentialAction\":[{\"@type\":\"SearchAction\",\"target\":{\"@type\":\"EntryPoint\",\"urlTemplate\":\"https:\/\/www.sanguesa.es\/?s={search_term_string}\"},\"query-input\":\"required name=search_term_string\"}],\"inLanguage\":\"eu-ES\"}]}<\/script>\r\n<!-- \/ Yoast SEO plugin. -->","yoast_head_json":{"title":"HERRITARREN BOZKETA AURREKONTU PARTE-HARTZAILEAREKIN EGIN BEHARREKO PROIEKTUETARAKO - Ayuntamiento Sang\u00fcesa \/ Zangozako Udala","robots":{"index":"index","follow":"follow","max-snippet":"max-snippet:-1","max-image-preview":"max-image-preview:large","max-video-preview":"max-video-preview:-1"},"canonical":"https:\/\/www.sanguesa.es\/eu\/herritarren-bozketa-aurrekontu-parte-hartzailearekin-egin-beharreko-proiektuetarako_2024\/","og_locale":"eu_ES","og_type":"article","og_title":"HERRITARREN BOZKETA AURREKONTU PARTE-HARTZAILEAREKIN EGIN BEHARREKO PROIEKTUETARAKO - Ayuntamiento Sang\u00fcesa \/ Zangozako Udala","og_description":"BOZKATZEKO SISTEMA: Botoa emateko prozedura honako hau izango da: Zangozan erroldatuta dauden 18 urtetik gorako pertsonek eman ahal izango dute botoa. Pertsona bakoitzak hiru proiekturi eman diezaieke botoa, lehentasun-ordenaren arabera. Horretarako, garrantzi handiagoa emango zaio interes handiena pizten duenari 3 punturekin eta gutxien pizten duenari puntu batekin. Bozketak udalaren webgunearen bidez egingo dira 2024\/11\/18tik 2024\/11\/24ra [&hellip;]","og_url":"https:\/\/www.sanguesa.es\/eu\/herritarren-bozketa-aurrekontu-parte-hartzailearekin-egin-beharreko-proiektuetarako_2024\/","og_site_name":"Ayuntamiento Sang\u00fcesa \/ Zangozako Udala","article_modified_time":"2024-11-18T11:27:42+00:00","twitter_card":"summary_large_image","twitter_misc":{"Est. reading time":"2 minutes"},"schema":{"@context":"https:\/\/schema.org","@graph":[{"@type":"WebPage","@id":"https:\/\/www.sanguesa.es\/eu\/herritarren-bozketa-aurrekontu-parte-hartzailearekin-egin-beharreko-proiektuetarako_2024\/","url":"https:\/\/www.sanguesa.es\/eu\/herritarren-bozketa-aurrekontu-parte-hartzailearekin-egin-beharreko-proiektuetarako_2024\/","name":"HERRITARREN BOZKETA AURREKONTU PARTE-HARTZAILEAREKIN EGIN BEHARREKO PROIEKTUETARAKO - Ayuntamiento Sang\u00fcesa \/ Zangozako Udala","isPartOf":{"@id":"https:\/\/www.sanguesa.es\/#website"},"datePublished":"2024-11-15T07:03:40+00:00","dateModified":"2024-11-18T11:27:42+00:00","breadcrumb":{"@id":"https:\/\/www.sanguesa.es\/eu\/herritarren-bozketa-aurrekontu-parte-hartzailearekin-egin-beharreko-proiektuetarako_2024\/#breadcrumb"},"inLanguage":"eu-ES","potentialAction":[{"@type":"ReadAction","target":["https:\/\/www.sanguesa.es\/eu\/herritarren-bozketa-aurrekontu-parte-hartzailearekin-egin-beharreko-proiektuetarako_2024\/"]}]},{"@type":"BreadcrumbList","@id":"https:\/\/www.sanguesa.es\/eu\/herritarren-bozketa-aurrekontu-parte-hartzailearekin-egin-beharreko-proiektuetarako_2024\/#breadcrumb","itemListElement":[{"@type":"ListItem","position":1,"name":"Portada","item":"https:\/\/www.sanguesa.es\/"},{"@type":"ListItem","position":2,"name":"HERRITARREN BOZKETA AURREKONTU PARTE-HARTZAILEAREKIN EGIN BEHARREKO PROIEKTUETARAKO"}]},{"@type":"WebSite","@id":"https:\/\/www.sanguesa.es\/#website","url":"https:\/\/www.sanguesa.es\/","name":"Ayuntamiento Sang\u00fcesa \/ Zangozako Udala","description":"Sitio web del Ayuntamiento Sang\u00fcesa \/ Zangozako Udala","potentialAction":[{"@type":"SearchAction","target":{"@type":"EntryPoint","urlTemplate":"https:\/\/www.sanguesa.es\/?s={search_term_string}"},"query-input":"required name=search_term_string"}],"inLanguage":"eu-ES"}]}},"_links":{"self":[{"href":"https:\/\/www.sanguesa.es\/eu\/wp-json\/wp\/v2\/pages\/61245"}],"collection":[{"href":"https:\/\/www.sanguesa.es\/eu\/wp-json\/wp\/v2\/pages"}],"about":[{"href":"https:\/\/www.sanguesa.es\/eu\/wp-json\/wp\/v2\/types\/page"}],"author":[{"embeddable":true,"href":"https:\/\/www.sanguesa.es\/eu\/wp-json\/wp\/v2\/users\/1"}],"replies":[{"embeddable":true,"href":"https:\/\/www.sanguesa.es\/eu\/wp-json\/wp\/v2\/comments?post=61245"}],"version-history":[{"count":9,"href":"https:\/\/www.sanguesa.es\/eu\/wp-json\/wp\/v2\/pages\/61245\/revisions"}],"predecessor-version":[{"id":61314,"href":"https:\/\/www.sanguesa.es\/eu\/wp-json\/wp\/v2\/pages\/61245\/revisions\/61314"}],"wp:attachment":[{"href":"https:\/\/www.sanguesa.es\/eu\/wp-json\/wp\/v2\/media?parent=61245"}],"curies":[{"name":"wp","href":"https:\/\/api.w.org\/{rel}","templated":true}]}}